{"id":1480,"date":"2026-03-11T16:22:10","date_gmt":"2026-03-11T15:22:10","guid":{"rendered":"https:\/\/www.sequiq.de\/?page_id=1480"},"modified":"2026-03-11T16:44:03","modified_gmt":"2026-03-11T15:44:03","slug":"multilinienplanung","status":"publish","type":"page","link":"https:\/\/www.sequiq.de\/fr\/multilinienplanung\/","title":{"rendered":"Planification multi-lignes"},"content":{"rendered":"\n<div class=\"wp-block-group alignfull has-global-padding is-layout-constrained wp-block-group-is-layout-constrained\" id=\"intro\">\n<div class=\"wp-block-group is-vertical is-content-justification-center is-layout-flex wp-container-core-group-is-layout-57c9ba1c wp-block-group-is-layout-flex\" style=\"margin-top:0;margin-bottom:0;padding-top:0;padding-right:0;padding-bottom:0;padding-left:0\">\n<div class=\"wp-block-group has-border-color has-white-background-color has-background has-global-padding is-layout-constrained wp-container-core-group-is-layout-66e57653 wp-block-group-is-layout-constrained\" style=\"border-color:#D8D8D8;border-width:1px;border-radius:0.5rem;margin-top:0;margin-bottom:0;padding-top:var(--wp--preset--spacing--20);padding-right:var(--wp--preset--spacing--20);padding-bottom:var(--wp--preset--spacing--20);padding-left:var(--wp--preset--spacing--20)\">\n<figure class=\"wp-block-image size-full is-resized\"><img decoding=\"async\" src=\"https:\/\/www.sequiq.de\/wp-content\/uploads\/sites\/2\/icon-module-multi-line-planning.svg\" alt=\"\" class=\"wp-image-31\" style=\"width:auto;height:80px\"\/><\/figure>\n<\/div>\n\n\n<h1 class=\"has-text-align-center wp-block-post-title\">Planification multi-lignes<\/h1>\n\n\n<p class=\"has-text-align-center w-max-720 has-orange-color has-text-color has-link-color has-intro-l-font-size wp-elements-d722e3b083fa1259dbccc9c27f3296ea\" style=\"font-style:normal;font-weight:300\">Planifier facilement des structures lin\u00e9aires individuelles<\/p>\n<\/div>\n<\/div>\n\n<div class=\"wp-block-group alignfull has-global-padding is-layout-constrained wp-block-group-is-layout-constrained\">\n<div class=\"wp-block-columns alignwide are-vertically-aligned-center is-layout-flex wp-container-core-columns-is-layout-28f84493 wp-block-columns-is-layout-flex\">\n<div class=\"wp-block-column is-vertically-aligned-center is-layout-flow wp-block-column-is-layout-flow\">\n<figure class=\"wp-block-video\"><video height=\"1080\" style=\"aspect-ratio: 1920 \/ 1080;\" width=\"1920\" controls=\"\" src=\"https:\/\/www.sequiq.de\/wp-content\/uploads\/sites\/2\/HD_Video_SEQUIQ_Release_2026.2.mp4\"><\/video><\/figure>\n<\/div>\n\n\n\n<div class=\"wp-block-column is-vertically-aligned-center is-layout-flow wp-block-column-is-layout-flow\">\n<h2 class=\"wp-block-heading\">Tous les avantages, toutes les lignes<\/h2>\n\n\n\n<p>Utiliser les avantages de tous les modules de planification de s\u00e9quence de SEQUIQ pour planifier plusieurs lignes en m\u00eame temps.<\/p>\n<\/div>\n<\/div>\n<\/div>\n\n<div class=\"wp-block-group alignfull has-lightgrey-background-color has-background has-global-padding is-layout-constrained wp-block-group-is-layout-constrained\">\n<h2 class=\"wp-block-heading has-text-align-center\">Avantages de la planification multi-lignes SEQUIQ<\/h2>\n\n\n\n<div class=\"wp-block-columns alignwide is-layout-flex wp-container-core-columns-is-layout-28f84493 wp-block-columns-is-layout-flex\">\n<div class=\"wp-block-column has-border-color has-midgrey-border-color has-white-background-color has-background is-layout-flow wp-block-column-is-layout-flow\" style=\"border-width:1px;border-radius:0.5rem\">\n<div class=\"wp-block-group has-white-background-color has-background has-global-padding is-layout-constrained wp-container-core-group-is-layout-61ad80a1 wp-block-group-is-layout-constrained\" style=\"margin-top:0;margin-bottom:0;padding-top:var(--wp--preset--spacing--50);padding-right:var(--wp--preset--spacing--50);padding-bottom:var(--wp--preset--spacing--50);padding-left:var(--wp--preset--spacing--50)\">\n<div class=\"wp-block-group is-vertical is-layout-flex wp-container-core-group-is-layout-529f2e1b wp-block-group-is-layout-flex\" style=\"padding-top:0;padding-right:0;padding-bottom:0;padding-left:0\">\n<figure class=\"wp-block-image size-full is-resized\"><img decoding=\"async\" src=\"https:\/\/www.sequiq.de\/wp-content\/uploads\/sites\/2\/taktiq-checkmark-big.svg\" alt=\"\" class=\"wp-image-84\" style=\"width:auto;height:60px\"\/><\/figure>\n\n\n\n<h3 class=\"wp-block-heading has-h-4-font-size\">Lignes parall\u00e8les<\/h3>\n<\/div>\n\n\n\n<ul class=\"wp-block-list\">\n<li>Efficacit\u00e9 maximale gr\u00e2ce \u00e0 la planification simultan\u00e9e de plusieurs lignes parall\u00e8les<\/li>\n\n\n\n<li>Un nouveau niveau de planification gr\u00e2ce \u00e0 l&rsquo;optimisation automatique de l&rsquo;affectation des lignes<\/li>\n\n\n\n<li>Utiliser des r\u00e8gles d&rsquo;affectation pour s&rsquo;assurer que les commandes n&rsquo;arrivent que sur les lignes appropri\u00e9es<\/li>\n\n\n\n<li>Contr\u00f4le pr\u00e9cis de la logique de planification gr\u00e2ce \u00e0 des ensembles de r\u00e8gles d\u00e9finissables individuellement<\/li>\n\n\n\n<li>Analyser d&rsquo;un coup d&rsquo;\u0153il la r\u00e9partition des commandes et le respect des r\u00e8gles par ligne<\/li>\n<\/ul>\n<\/div>\n<\/div>\n\n\n\n<div class=\"wp-block-column has-border-color has-midgrey-border-color has-white-background-color has-background is-layout-flow wp-block-column-is-layout-flow\" style=\"border-width:1px;border-radius:0.5rem\">\n<div class=\"wp-block-group has-white-background-color has-background has-global-padding is-layout-constrained wp-container-core-group-is-layout-61ad80a1 wp-block-group-is-layout-constrained\" style=\"margin-top:0;margin-bottom:0;padding-top:var(--wp--preset--spacing--50);padding-right:var(--wp--preset--spacing--50);padding-bottom:var(--wp--preset--spacing--50);padding-left:var(--wp--preset--spacing--50)\">\n<div class=\"wp-block-group is-vertical is-layout-flex wp-container-core-group-is-layout-529f2e1b wp-block-group-is-layout-flex\" style=\"padding-top:0;padding-right:0;padding-bottom:0;padding-left:0\">\n<figure class=\"wp-block-image size-full is-resized\"><img decoding=\"async\" src=\"https:\/\/www.sequiq.de\/wp-content\/uploads\/sites\/2\/taktiq-checkmark-big.svg\" alt=\"\" class=\"wp-image-84\" style=\"width:auto;height:60px\"\/><\/figure>\n\n\n\n<h3 class=\"wp-block-heading has-h-4-font-size\">Lignes s\u00e9quentielles<\/h3>\n<\/div>\n\n\n\n<ul class=\"wp-block-list\">\n<li>Planification crois\u00e9e de lignes interd\u00e9pendantes<\/li>\n\n\n\n<li>Identifier et r\u00e9agir aux effets des changements de s\u00e9quence pour les lignes d\u00e9pendantes<\/li>\n<\/ul>\n<\/div>\n<\/div>\n<\/div>\n<\/div>\n\n<div class=\"wp-block-group alignfull has-global-padding is-layout-constrained wp-block-group-is-layout-constrained\">\n<div class=\"wp-block-group has-global-padding is-layout-constrained wp-container-core-group-is-layout-da604d14 wp-block-group-is-layout-constrained\" style=\"padding-top:0;padding-right:0;padding-bottom:0;padding-left:0\">\n<p class=\"has-text-align-center has-h-0-font-size\">Votre r\u00e9sultat  <\/p>\n\n\n\n<p class=\"has-text-align-center has-orange-color has-text-color has-link-color has-h-2-font-size wp-elements-a4285464e4a49639eae5ada37c9e49a9\" style=\"font-style:normal;font-weight:300\">avec ce module<\/p>\n<\/div>\n\n\n\n<div class=\"wp-block-columns is-style-framed is-layout-flex wp-container-core-columns-is-layout-28f84493 wp-block-columns-is-layout-flex\">\n<div class=\"wp-block-column is-layout-flow wp-block-column-is-layout-flow\">\n<div class=\"wp-block-group has-global-padding is-layout-constrained wp-container-core-group-is-layout-daeba0bf wp-block-group-is-layout-constrained\" style=\"padding-top:0;padding-bottom:0\">\n<figure class=\"wp-block-image aligncenter size-full is-resized\"><img decoding=\"async\" src=\"https:\/\/www.sequiq.de\/wp-content\/uploads\/sites\/2\/taktiq-benefit-efficiency.svg\" alt=\"\" class=\"wp-image-71\" style=\"width:auto;height:120px\"\/><\/figure>\n\n\n\n<p class=\"has-text-align-center\">Efficacit\u00e9 maximale<br>sur toutes les lignes<\/p>\n<\/div>\n<\/div>\n\n\n\n<div class=\"wp-block-column is-layout-flow wp-block-column-is-layout-flow\">\n<div class=\"wp-block-group has-global-padding is-layout-constrained wp-container-core-group-is-layout-daeba0bf wp-block-group-is-layout-constrained\" style=\"padding-top:0;padding-bottom:0\">\n<figure class=\"wp-block-image aligncenter size-full is-resized\"><img decoding=\"async\" src=\"https:\/\/www.sequiq.de\/wp-content\/uploads\/sites\/2\/taktiq-benefit-transparency.svg\" alt=\"\" class=\"wp-image-82\" style=\"width:auto;height:120px\"\/><\/figure>\n\n\n\n<p class=\"has-text-align-center\">Garder une vue d&rsquo;ensemble<br><\/p>\n<\/div>\n<\/div>\n\n\n\n<div class=\"wp-block-column is-layout-flow wp-block-column-is-layout-flow\">\n<div class=\"wp-block-group has-global-padding is-layout-constrained wp-container-core-group-is-layout-daeba0bf wp-block-group-is-layout-constrained\" style=\"padding-top:0;padding-bottom:0\">\n<figure class=\"wp-block-image aligncenter size-full is-resized\"><img decoding=\"async\" src=\"https:\/\/www.sequiq.de\/wp-content\/uploads\/sites\/2\/taktiq-benefit-reduced-planning-effort.svg\" alt=\"\" class=\"wp-image-77\" style=\"width:auto;height:120px\"\/><\/figure>\n\n\n\n<p class=\"has-text-align-center\">Planifier facilement des d\u00e9pendances complexes<\/p>\n<\/div>\n<\/div>\n<\/div>\n<\/div>\n\n<div class=\"wp-block-group alignfull has-global-padding is-layout-constrained wp-block-group-is-layout-constrained\">\n<div class=\"wp-block-columns alignwide are-vertically-aligned-center is-layout-flex wp-container-core-columns-is-layout-28f84493 wp-block-columns-is-layout-flex\">\n<div class=\"wp-block-column is-vertically-aligned-center is-layout-flow wp-block-column-is-layout-flow\">\t<div  class=\"wp-block-illustration  \">\n\n\t\t<div class=\"card card-illustration bg-transparent card-alignment- border-0\" data-alt=\"109\">\n\t\t\t<img loading=\"lazy\" decoding=\"async\" width=\"1\" height=\"1\" src=\"https:\/\/www.sequiq.de\/wp-content\/uploads\/sites\/2\/taktiq-order-sequencing-home-hero.svg\" class=\"card-img h-auto\" alt=\"\" style=\"max-width: 100%\" \/>\t\t\t\n\t\t\t\n\t\t\t\n\t\t\t\t\n\t\t\t\t\t\n\t\t\t\t\t<div class=\"card-img-overlay p-0\">\t\t\t\t\t\n\t\t\t\t\t\t<div class=\"d-flex illustration-positioning align-items-end justify-content-start h-100\">\n\t\t\t\t\t\t\t<div class=\"illustration-wrapper position-relative aspect-ratio aspect-ratio-1-1\" style=\"max-width: default\">\n\t\t\t\t\t\t\t\t<div class=\"illustration-background position-absolute bottom-0 d-flex object-fit-cover border-start border-5 border-primary w-100\">\n\t\t\t\t\t\t\t\t\t<img loading=\"lazy\" decoding=\"async\" width=\"300\" height=\"300\" src=\"https:\/\/www.sequiq.de\/wp-content\/uploads\/sites\/2\/background-taktiq-lounge-300x300.jpg\" class=\"card-img h-auto\" alt=\"\" \/>\t\t\t\t\t\t\t\t<\/div>\n\t\t\t\t\t\t\t\t<div class=\"illustration-portrait position-absolute d-flex object-fit-cover h-100\">\t\t\t\t\t\t\n\t\t\t\t\t\t\t\t\t<img loading=\"lazy\" decoding=\"async\" width=\"300\" height=\"300\" src=\"https:\/\/www.sequiq.de\/wp-content\/uploads\/sites\/2\/employee-headset-explaining-smile-front-taktiq-300x300.png\" class=\"card-img h-auto\" alt=\"\" srcset=\"https:\/\/www.sequiq.de\/wp-content\/uploads\/sites\/2\/employee-headset-explaining-smile-front-taktiq-300x300.png 300w, https:\/\/www.sequiq.de\/wp-content\/uploads\/sites\/2\/employee-headset-explaining-smile-front-taktiq-600x600.png 600w, https:\/\/www.sequiq.de\/wp-content\/uploads\/sites\/2\/employee-headset-explaining-smile-front-taktiq-900x900.png 900w\" sizes=\"auto, (max-width: 300px) 100vw, 300px\" \/>\t\t\t\t\t\t\t\t<\/div>\n\t\t\t\t\t\t\t<\/div>\n\t\t\t\t\t\t<\/div>\n\t\t\t\t\t<\/div>\n\t\t\t\t\t\t\t\n\t\t\t\n\t\t<\/div>\t\n\n\t<\/div>\n<\/div>\n\n\n\n<div class=\"wp-block-column is-vertically-aligned-center is-layout-flow wp-block-column-is-layout-flow\">\n<h2 class=\"wp-block-heading\">Savoir en 15 minutes si nous sommes compatibles<\/h2>\n\n\n\n<p>D\u00e9couvrez si notre logiciel vous convient lors d&rsquo;un bref entretien initial. Nous examinerons ensemble si SEQUIQ peut vous \u00eatre utile dans votre production et votre planification, et dans quelle mesure. Clair, rapide et sans engagement.  <\/p>\n\n\n\n<ul class=\"wp-block-list is-style-checklist-clean\">\n<li>Savoir rapidement si notre logiciel est adapt\u00e9 \u00e0 votre production<\/li>\n\n\n\n<li>Premi\u00e8re consultation gratuite et identification des potentiels<\/li>\n\n\n\n<li>Le rendez-vous de suivi est adapt\u00e9 \u00e0 vos d\u00e9fis<\/li>\n<\/ul>\n\n\n\n<div class=\"wp-block-buttons is-layout-flex wp-block-buttons-is-layout-flex\">\n<div class=\"wp-block-button is-style-outline is-style-outline--1\"><a class=\"wp-block-button__link wp-element-button\" href=\"https:\/\/www.sequiq.de\/fr\/vivre\/premier-entretien-demo-en-direct\/\">Obtenir un premier entretien<\/a><\/div>\n<\/div>\n<\/div>\n<\/div>\n<\/div>\n\n<div class=\"wp-block-group alignfull has-lightgrey-background-color has-background has-global-padding is-layout-constrained wp-block-group-is-layout-constrained\">\n<h2 class=\"wp-block-heading has-text-align-center\">Aper\u00e7u de tous les <mark style=\"background-color:rgba(0, 0, 0, 0)\" class=\"has-inline-color has-orange-color\">modules SEQUIQ<\/mark> <\/h2>\n\n\n\n<p class=\"has-text-align-center\">D\u00e9veloppez SEQUIQ de mani\u00e8re flexible avec nos modules. Personnalisez la solution pour l&rsquo;adapter \u00e0 votre production et d\u00e9veloppez un maximum d&rsquo;avantages pour vos besoins sp\u00e9cifiques. <\/p>\n\n\n\n<div  class=\"wp-block-teasergroup alignwide \">\t\n\t<div class=\"row g-3 row-cols-1 row-cols-sm-2 row-cols-lg-3 justify-content-center\">\n\t\n\t\t\n\t\t\t\t\t\t<div class=\"col\">\n\t\t\t\t\n\n\t\t\t\t\n\t\t\t\t\t<div class=\"card card-teaser rounded h-100\">\n\t\t\t\t\t\t<div class=\"card-body p-3 p-lg-4\">\n\t\t\t\t\t\t\t<div class=\"card-icon-wrapper\"><img loading=\"lazy\" decoding=\"async\" src=\"https:\/\/www.sequiq.de\/wp-content\/uploads\/sites\/2\/icon-module-utilization-levelling.svg\" alt=\"Lissage de la charge de travail\" class=\"card-icon\" width=\"30\" height=\"30\"><\/div>\n\t\t\t\t\t\t\t<a href=\"https:\/\/www.sequiq.de\/fr\/lissage-de-la-charge-de-travail\/\" class=\"card-title d-block stretched-link text-decoration-none my-2 fw-semibold fs-5\">Lissage de la charge de travail<\/a>\n\t\t\t\t\t\t\t<p class=\"card-text hyphens m-0 p-0\">\n\t\t\t\t\t\t\t\tPrendre en compte la charge des postes de travail individuels lors du s\u00e9quen\u00e7age et permettre une production plus stable.\t\t\t\t\t\t\t\t<a href=\"https:\/\/www.sequiq.de\/fr\/lissage-de-la-charge-de-travail\/\" class=\"text-link\">En savoir plus<\/a>\n\t\t\t\t\t\t\t<\/p>\n\n\t\t\t\t\t\t<\/div>\n\t\t\t\t\t<\/div>\n\t\t\t\t\n\t\t\t<\/div>\n\t\t\t\n\t\t\t\n\t\t\t\t\t\t<div class=\"col\">\n\t\t\t\t\n\n\t\t\t\t\n\t\t\t\t\t<div class=\"card card-teaser rounded h-100\">\n\t\t\t\t\t\t<div class=\"card-body p-3 p-lg-4\">\n\t\t\t\t\t\t\t<div class=\"card-icon-wrapper\"><img loading=\"lazy\" decoding=\"async\" src=\"https:\/\/www.sequiq.de\/wp-content\/uploads\/sites\/2\/icon-module-scheduling.svg\" alt=\"Planification des rendez-vous\" class=\"card-icon\" width=\"30\" height=\"30\"><\/div>\n\t\t\t\t\t\t\t<a href=\"https:\/\/www.sequiq.de\/fr\/planification-des-rendez-vous\/\" class=\"card-title d-block stretched-link text-decoration-none my-2 fw-semibold fs-5\">Planification des rendez-vous<\/a>\n\t\t\t\t\t\t\t<p class=\"card-text hyphens m-0 p-0\">\n\t\t\t\t\t\t\t\tContr\u00f4ler les d\u00e9lais gr\u00e2ce \u00e0 des types de r\u00e8gles et des calendriers d&rsquo;entreprise complets et les respecter en toute s\u00e9r\u00e9nit\u00e9.\t\t\t\t\t\t\t\t<a href=\"https:\/\/www.sequiq.de\/fr\/planification-des-rendez-vous\/\" class=\"text-link\">En savoir plus<\/a>\n\t\t\t\t\t\t\t<\/p>\n\n\t\t\t\t\t\t<\/div>\n\t\t\t\t\t<\/div>\n\t\t\t\t\n\t\t\t<\/div>\n\t\t\t\n\t\t\t\n\t\t\t\t\t\t<div class=\"col\">\n\t\t\t\t\n\n\t\t\t\t\n\t\t\t\t\t<div class=\"card card-teaser rounded h-100\">\n\t\t\t\t\t\t<div class=\"card-body p-3 p-lg-4\">\n\t\t\t\t\t\t\t<div class=\"card-icon-wrapper\"><img loading=\"lazy\" decoding=\"async\" src=\"https:\/\/www.sequiq.de\/wp-content\/uploads\/sites\/2\/icon-module-program-planning.svg\" alt=\"Programmation\" class=\"card-icon\" width=\"30\" height=\"30\"><\/div>\n\t\t\t\t\t\t\t<a href=\"https:\/\/www.sequiq.de\/fr\/programmation\/\" class=\"card-title d-block stretched-link text-decoration-none my-2 fw-semibold fs-5\">Programmation<\/a>\n\t\t\t\t\t\t\t<p class=\"card-text hyphens m-0 p-0\">\n\t\t\t\t\t\t\t\tD\u00e9terminer la faisabilit\u00e9 et les goulots d&rsquo;\u00e9tranglement du programme de commandes \u00e0 un stade pr\u00e9coce et les anticiper efficacement.\t\t\t\t\t\t\t\t<a href=\"https:\/\/www.sequiq.de\/fr\/programmation\/\" class=\"text-link\">En savoir plus<\/a>\n\t\t\t\t\t\t\t<\/p>\n\n\t\t\t\t\t\t<\/div>\n\t\t\t\t\t<\/div>\n\t\t\t\t\n\t\t\t<\/div>\n\t\t\t\n\t\t\t\n\t\t\t\n\t\t\t\t\t\t\n\t\t\t\t<div class=\"col\">\n\t\t\t\t\t<div class=\"card card-teaser rounded h-100\">\n\t\t\t\t\t\t<div class=\"card-body p-3 p-lg-4\">\n\n\t\t\t\t\t\t\t<div class=\"card-icon-wrapper\"><\/div>\n\t\t\t\t\t\t\t\t\t\t\t\t\t\t<a href=\"https:\/\/www.taktiq.de\" class=\"card-title d-block stretched-link text-decoration-none my-2 fw-semibold fs-5\" target=\"_blank\">\n\t\t\t\t\t\t\t\t\t\t\t\t\t\t\t\t\t<img decoding=\"async\" src=\"https:\/\/www.sequiq.de\/wp-content\/uploads\/sites\/2\/2025\/07\/taktiq-logo.svg\" alt=\"TAKTIQ\" class=\"card-title-logo\">\n\t\t\t\t\t\t\t\t\t\t\t\t\t\t\t<\/a>\n\t\t\t\t\t\t\t\t\t\t\t\t\t\t<p class=\"card-text hyphens m-0 p-0\">Mais vous cherchez une solution pour l&#039;\u00e9quilibrage ? Alors testez TAKTIQ !  <a href=\"https:\/\/www.taktiq.de\" class=\"text-link\">En savoir plus<\/a><\/p>\n\n\t\t\t\t\t\t<\/div>\n\t\t\t\t\t<\/div>\n\t\t\t\t<\/div>\n\t\t\n\t\t\n\t<\/div>\n<\/div>\n\n<\/div>\n\n<div class=\"wp-block-group alignfull has-lightgrey-background-color has-background has-global-padding is-layout-constrained wp-block-group-is-layout-constrained\">\n<h2 class=\"wp-block-heading has-text-align-center\">Vos prochaines \u00e9tapes avec SEQUIQ<\/h2>\n\n\n\n<p class=\"has-text-align-center\">Apprenez \u00e0 mieux conna\u00eetre SEQUIQ et d\u00e9couvrez comment faire passer votre planification de production au niveau sup\u00e9rieur. Choisissez la voie qui vous convient le mieux. <\/p>\n\n\n\n<div style=\"height:1rem\" aria-hidden=\"true\" class=\"wp-block-spacer\"><\/div>\n\n\n\n<div class=\"wp-block-columns alignwide is-layout-flex wp-container-core-columns-is-layout-28f84493 wp-block-columns-is-layout-flex\">\n<div class=\"wp-block-column is-vertically-aligned-stretch is-layout-flow wp-block-column-is-layout-flow\">\n<div class=\"wp-block-group h-100 card-product has-border-color has-midgrey-border-color has-white-background-color has-background is-vertical is-layout-flex wp-container-core-group-is-layout-142ddb77 wp-block-group-is-layout-flex\" style=\"border-width:1px;border-radius:0.75rem;padding-top:var(--wp--preset--spacing--80);padding-right:var(--wp--preset--spacing--60);padding-bottom:var(--wp--preset--spacing--60);padding-left:var(--wp--preset--spacing--60)\">\n<figure class=\"wp-block-image size-full w-100 is-style-pulledout\" style=\"margin-right:var(--wp--preset--spacing--40);margin-left:var(--wp--preset--spacing--40)\"><img decoding=\"async\" src=\"https:\/\/relaunch.taktiq.de\/wp-content\/uploads\/2025\/06\/taktiq-trial-truck.svg\" alt=\"\" class=\"wp-image-528\"\/><\/figure>\n\n\n\n<div class=\"wp-block-group has-lightgrey-background-color has-background is-horizontal is-content-justification-left is-nowrap is-layout-flex wp-container-core-group-is-layout-183914e5 wp-block-group-is-layout-flex\" style=\"padding-top:0;padding-right:var(--wp--preset--spacing--40);padding-bottom:0;padding-left:0\">\n<figure class=\"wp-block-image size-thumbnail is-resized\"><img decoding=\"async\" src=\"https:\/\/relaunch.taktiq.de\/wp-content\/uploads\/2025\/07\/customer-happy-working-side-laptop-background-taktiq-300x300.jpg\" alt=\"\" class=\"wp-image-1260\" style=\"aspect-ratio:1;object-fit:cover;width:50px\"\/><\/figure>\n\n\n\n<p>Tester seul<\/p>\n<\/div>\n\n\n\n<h3 class=\"wp-block-heading\">Version d&rsquo;essai de 4 semaines<\/h3>\n\n\n\n<p>Essayez SEQUIQ gratuitement et \u00e9valuez vous-m\u00eame si le logiciel r\u00e9pond \u00e0 vos besoins.<\/p>\n\n\n\n<ul class=\"wp-block-list is-style-checklist-clean\">\n<li>D\u00e9marrer en 5 minutes<\/li>\n\n\n\n<li>Fonctionnalit\u00e9s compl\u00e8tes<\/li>\n\n\n\n<li>Aucun risque<\/li>\n\n\n\n<li>Exp\u00e9rience personnelle<\/li>\n<\/ul>\n\n\n\n<div class=\"wp-block-buttons mt-auto is-layout-flex wp-block-buttons-is-layout-flex\">\n<div class=\"wp-block-button is-style-outline is-style-outline--2\"><a class=\"wp-block-button__link wp-element-button\" href=\"https:\/\/www.sequiq.de\/fr\/vivre\/version-dessai\/\">D\u00e9couvrir maintenant<\/a><\/div>\n<\/div>\n<\/div>\n<\/div>\n\n\n\n<div class=\"wp-block-column is-vertically-aligned-stretch is-layout-flow wp-block-column-is-layout-flow\">\n<div class=\"wp-block-group h-100 card-product has-border-color has-white-background-color has-background is-vertical is-layout-flex wp-container-core-group-is-layout-142ddb77 wp-block-group-is-layout-flex\" style=\"border-color:#6E6E6E;border-width:1px;border-radius:0.75rem;padding-top:var(--wp--preset--spacing--80);padding-right:var(--wp--preset--spacing--60);padding-bottom:var(--wp--preset--spacing--60);padding-left:var(--wp--preset--spacing--60)\">\n<figure class=\"wp-block-image size-full w-100 is-style-pulledout\" style=\"margin-right:var(--wp--preset--spacing--40);margin-left:var(--wp--preset--spacing--40)\"><img decoding=\"async\" src=\"https:\/\/relaunch.taktiq.de\/wp-content\/uploads\/2025\/06\/taktiq-line-balancing-home-hero.svg\" alt=\"\" class=\"wp-image-514\"\/><\/figure>\n\n\n\n<div class=\"wp-block-group has-lightgrey-background-color has-background is-horizontal is-content-justification-left is-nowrap is-layout-flex wp-container-core-group-is-layout-183914e5 wp-block-group-is-layout-flex\" style=\"padding-top:0;padding-right:var(--wp--preset--spacing--40);padding-bottom:0;padding-left:0\">\n<figure class=\"wp-block-image size-thumbnail is-resized\"><img decoding=\"async\" src=\"https:\/\/relaunch.taktiq.de\/wp-content\/uploads\/2025\/07\/employee-headset-explaining-smile-front-background-taktiq-300x300.jpg\" alt=\"\" class=\"wp-image-1261\" style=\"aspect-ratio:1;object-fit:cover;width:50px\"\/><\/figure>\n\n\n\n<p>Avec Kira Askevold<\/p>\n<\/div>\n\n\n\n<h3 class=\"wp-block-heading has-orange-color has-text-color has-link-color wp-elements-da0735bac687259f00bfcf75d2e67460\">Premier entretien &amp; d\u00e9mo en direct<\/h3>\n\n\n\n<p>D\u00e9terminez si SEQUIQ vous convient lors d&rsquo;un premier entretien et faites ensuite l&rsquo;exp\u00e9rience de notre logiciel lors d&rsquo;une d\u00e9monstration en direct personnalis\u00e9e.<\/p>\n\n\n\n<ul class=\"wp-block-list is-style-checklist-clean\">\n<li>La clart\u00e9 en 15 minutes<\/li>\n\n\n\n<li>\u00c9change avec des experts<\/li>\n\n\n\n<li>D\u00e9monstration en direct personnalis\u00e9e<\/li>\n<\/ul>\n\n\n\n<div class=\"wp-block-buttons mt-auto is-horizontal is-content-justification-left is-layout-flex wp-container-core-buttons-is-layout-c4719c80 wp-block-buttons-is-layout-flex\">\n<div class=\"wp-block-button has-custom-width wp-block-button__width-100 is-style-fill\"><a class=\"wp-block-button__link wp-element-button\" href=\"https:\/\/www.sequiq.de\/fr\/vivre\/premier-entretien-demo-en-direct\/\">Obtenir un premier entretien<\/a><\/div>\n<\/div>\n<\/div>\n<\/div>\n\n\n\n<div class=\"wp-block-column is-vertically-aligned-stretch is-layout-flow wp-block-column-is-layout-flow\">\n<div class=\"wp-block-group h-100 card-product has-border-color has-midgrey-border-color has-white-background-color has-background is-vertical is-layout-flex wp-container-core-group-is-layout-142ddb77 wp-block-group-is-layout-flex\" style=\"border-width:1px;border-radius:0.75rem;padding-top:var(--wp--preset--spacing--80);padding-right:var(--wp--preset--spacing--60);padding-bottom:var(--wp--preset--spacing--60);padding-left:var(--wp--preset--spacing--60)\">\n<figure class=\"wp-block-image size-full w-100 is-style-pulledout\" style=\"margin-right:var(--wp--preset--spacing--40);margin-left:var(--wp--preset--spacing--40)\"><img decoding=\"async\" src=\"https:\/\/relaunch.taktiq.de\/wp-content\/uploads\/2025\/06\/taktiq-pilot-project.svg\" alt=\"\" class=\"wp-image-521\"\/><\/figure>\n\n\n\n<div class=\"wp-block-group has-lightgrey-background-color has-background is-horizontal is-content-justification-left is-nowrap is-layout-flex wp-container-core-group-is-layout-183914e5 wp-block-group-is-layout-flex\" style=\"padding-top:0;padding-right:var(--wp--preset--spacing--40);padding-bottom:0;padding-left:0\">\n<figure class=\"wp-block-image size-thumbnail is-resized\"><img decoding=\"async\" src=\"https:\/\/relaunch.taktiq.de\/wp-content\/uploads\/2025\/07\/portrait-victor-kuepper-taktiq-300x300.jpg\" alt=\"\" class=\"wp-image-834\" style=\"aspect-ratio:1;object-fit:cover;width:50px\"\/><\/figure>\n\n\n\n<p>Avec Victor K\u00fcpper<\/p>\n<\/div>\n\n\n\n<h3 class=\"wp-block-heading\">Projet pilote ou enregistrement des exigences<\/h3>\n\n\n\n<p>Testez SEQUIQ directement dans votre environnement de production avec un projet pilote sur mesure ou un enregistrement des exigences sur site.<\/p>\n\n\n\n<ul class=\"wp-block-list is-style-checklist-clean\">\n<li>Fonctionnement en parall\u00e8le avec le syst\u00e8me actuel<\/li>\n\n\n\n<li>Zone de test optimis\u00e9e<\/li>\n\n\n\n<li>Analyse de l&rsquo;\u00e9cart d&rsquo;ajustement<\/li>\n\n\n\n<li>Formation sur mesure<\/li>\n\n\n\n<li>Assistance personnelle<\/li>\n<\/ul>\n\n\n\n<div class=\"wp-block-buttons mt-auto is-layout-flex wp-block-buttons-is-layout-flex\">\n<div class=\"wp-block-button is-style-outline is-style-outline--3\"><a class=\"wp-block-button__link wp-element-button\" href=\"https:\/\/www.sequiq.de\/fr\/vivre\/pilote-enregistrement-des-exigences\/\">Demander des conseils<\/a><\/div>\n<\/div>\n<\/div>\n<\/div>\n<\/div>\n<\/div>\n","protected":false},"excerpt":{"rendered":"<p>Planifier facilement des structures de lignes individuelles .<\/p>\n","protected":false},"author":2,"featured_media":1491,"parent":0,"menu_order":0,"comment_status":"closed","ping_status":"closed","template":"","meta":{"_acf_changed":false,"footnotes":""},"class_list":["post-1480","page","type-page","status-publish","has-post-thumbnail","hentry"],"acf":[],"_links":{"self":[{"href":"https:\/\/www.sequiq.de\/fr\/wp-json\/wp\/v2\/pages\/1480","targetHints":{"allow":["GET"]}}],"collection":[{"href":"https:\/\/www.sequiq.de\/fr\/wp-json\/wp\/v2\/pages"}],"about":[{"href":"https:\/\/www.sequiq.de\/fr\/wp-json\/wp\/v2\/types\/page"}],"author":[{"embeddable":true,"href":"https:\/\/www.sequiq.de\/fr\/wp-json\/wp\/v2\/users\/2"}],"replies":[{"embeddable":true,"href":"https:\/\/www.sequiq.de\/fr\/wp-json\/wp\/v2\/comments?post=1480"}],"version-history":[{"count":7,"href":"https:\/\/www.sequiq.de\/fr\/wp-json\/wp\/v2\/pages\/1480\/revisions"}],"predecessor-version":[{"id":1541,"href":"https:\/\/www.sequiq.de\/fr\/wp-json\/wp\/v2\/pages\/1480\/revisions\/1541"}],"wp:featuredmedia":[{"embeddable":true,"href":"https:\/\/www.sequiq.de\/fr\/wp-json\/wp\/v2\/media\/1491"}],"wp:attachment":[{"href":"https:\/\/www.sequiq.de\/fr\/wp-json\/wp\/v2\/media?parent=1480"}],"curies":[{"name":"wp","href":"https:\/\/api.w.org\/{rel}","templated":true}]}}