{"id":793,"date":"2025-07-16T13:49:05","date_gmt":"2025-07-16T11:49:05","guid":{"rendered":"https:\/\/relaunch.sequiq.de\/communiques\/"},"modified":"2025-10-13T10:32:23","modified_gmt":"2025-10-13T08:32:23","slug":"communiques","status":"publish","type":"page","link":"https:\/\/www.sequiq.de\/fr\/communiques\/","title":{"rendered":"Communiqu\u00e9s"},"content":{"rendered":"\n<div class=\"wp-block-group alignfull has-global-padding is-layout-constrained wp-block-group-is-layout-constrained\">\n<div class=\"wp-block-columns alignwide are-vertically-aligned-center is-layout-flex wp-container-core-columns-is-layout-28f84493 wp-block-columns-is-layout-flex\">\n<div class=\"wp-block-column is-vertically-aligned-center is-layout-flow wp-block-column-is-layout-flow\">\n<h1 class=\"wp-block-heading\">Toujours une longueur d&rsquo;avance<\/h1>\n\n\n\n<p class=\"has-intro-font-size\">Nos mises \u00e0 jour sont con\u00e7ues pour r\u00e9pondre aux d\u00e9fis de nos clients et pour apporter des am\u00e9liorations l\u00e0 o\u00f9 elles sont le plus utiles. Comme ces mises \u00e0 jour profitent \u00e0 tous les clients, nous les informons \u00e0 chaque version par le biais d&rsquo;une newsletter contenant des instructions et des explications &#8211; vous tirez ainsi le meilleur parti de SEQUIQ. <\/p>\n\n\n\n<div class=\"wp-block-buttons is-layout-flex wp-block-buttons-is-layout-flex\">\n<div class=\"wp-block-button\"><a class=\"wp-block-button__link wp-element-button\" href=\"#releases\">Explorer les versions<\/a><\/div>\n\n\n\n<div class=\"wp-block-button is-style-outline is-style-outline--1\"><a class=\"wp-block-button__link wp-element-button\" href=\"https:\/\/relaunch.taktiq.de\/erleben\/\">D\u00e9couvrir maintenant<\/a><\/div>\n<\/div>\n<\/div>\n\n\n\n<div class=\"wp-block-column is-vertically-aligned-center is-layout-flow wp-block-column-is-layout-flow\">\t<div  class=\"wp-block-illustration  \">\n\n\t\t<div class=\"card card-illustration bg-transparent card-alignment-end border-0\" data-alt=\"89\">\n\t\t\t<img loading=\"lazy\" decoding=\"async\" width=\"1\" height=\"1\" src=\"https:\/\/www.sequiq.de\/wp-content\/uploads\/sites\/2\/taktiq-downloads.svg\" class=\"card-img h-auto\" alt=\"\" style=\"max-width: 100%\" \/>\t\t\t\n\t\t\t\n\t\t\t\t\t\t\t\n\t\t\t\n\t\t\t\t<div class=\"card-img-overlay p-0\">\t\t\t\t\t\n\t\t\t\t\t<div class=\"d-flex illustration-positioning align-items-end justify-content-end h-100\">\n\t\t\t\t\t\t<div class=\"illustration-wrapper position-relative aspect-ratio aspect-ratio-1-1\">\n\t\t\t\t\t\t\t<div class=\"illustration-background position-absolute bottom-0 d-flex object-fit-cover border-start border-5 border-primary w-100\">\n\t\t\t\t\t\t\t\t<img loading=\"lazy\" decoding=\"async\" width=\"300\" height=\"300\" src=\"https:\/\/www.sequiq.de\/wp-content\/uploads\/sites\/2\/background-customer-production-300x300.jpg\" class=\"card-img h-auto\" alt=\"\" \/>\t\t\t\t\t\t\t<\/div>\n\t\t\t\t\t\t\t<div class=\"illustration-portrait position-absolute d-flex object-fit-cover h-100\">\t\t\t\t\t\t\n\t\t\t\t\t\t\t\t<img loading=\"lazy\" decoding=\"async\" width=\"300\" height=\"300\" src=\"https:\/\/www.sequiq.de\/wp-content\/uploads\/sites\/2\/customer-happy-thumbs-up-side-laptop-taktiq-300x300.png\" class=\"card-img h-auto\" alt=\"\" srcset=\"https:\/\/www.sequiq.de\/wp-content\/uploads\/sites\/2\/customer-happy-thumbs-up-side-laptop-taktiq-300x300.png 300w, https:\/\/www.sequiq.de\/wp-content\/uploads\/sites\/2\/customer-happy-thumbs-up-side-laptop-taktiq-600x600.png 600w, https:\/\/www.sequiq.de\/wp-content\/uploads\/sites\/2\/customer-happy-thumbs-up-side-laptop-taktiq-900x900.png 900w\" sizes=\"auto, (max-width: 300px) 100vw, 300px\" \/>\t\t\t\t\t\t\t<\/div>\n\t\t\t\t\t\t<\/div>\n\t\t\t\t\t<\/div>\n\t\t\t\t<\/div>\n\n\t\t\t\n\t\t<\/div>\t\n\n\t<\/div>\n<\/div>\n<\/div>\n<\/div>\n\n<div class=\"wp-block-group alignfull has-lightgrey-background-color has-background has-global-padding is-layout-constrained wp-block-group-is-layout-constrained\" id=\"releases\">\n<h2 class=\"wp-block-heading has-text-align-center\">Quoi de neuf ?<\/h2>\n\n\n\t<div  class=\"wp-block-releases layout_  \">\n\n\t\t<div class=\"row\">\n\t\t\t\t\t\t\n\t\t\t\t<div class=\"col-12 my-4\">\n\t\t\t\t\t<div id=\"release-1553\" class=\"card card-release rounded post-1553 release type-release status-publish has-post-thumbnail hentry\">\n\t\t\t\t\t\t<div class=\"card-body p-3 p-lg-4 p-xl-5\">\n\t\t\t\t\t\t\t<div class=\"row\">\n\t\t\t\t\t\t\t\t<div class=\"col-md-7 d-flex flex-column tinymce\">\n\t\t\t\t\t\t\t\t\t\t\t\t\t\t\t\t\t\t\t<div class=\"has-orange-color has-text-color has-link-color has-h-5-font-size\"><a href=\"https:\/\/www.sequiq.de\/fr\/releases\/release-2026-4\/\" class=\"text-decoration-none stretched-link\">Version 2026.4<\/a><\/div>\n\t\t\t\t\t\t\t\t\t\t\t\t\t\t\t\t\t\t\t\t\t\t\t\t\t\t\t\t<div class=\"has-h-4-font-size\">Analyser les \u00e9tapes de planification de mani\u00e8re transparente avec l&rsquo;analyse de programme SEQUIQ<\/div>\n\t\t\t\t\t\t\t\t\t\t\t\t\t\t\t\t\t\t\t\t\t\t\t\t\t\t\t\t\t\t\t\t\t\t\t\t\t\t<ul>\n\t\t\t\t\t\t\t\t\t\t\t\t\t\t\t\t\t\t\t\t\t\t\t<li>Analyser les \u00e9tapes de planification de mani\u00e8re transparente avec l&#039;analyse de programme SEQUIQ<\/li>\n\t\t\t\t\t\t\t\t\t\t\t\t\t\t\t\t\t\t\t\t\t\t\t<li>Gestion plus flexible des r\u00e8gles de classement<\/li>\n\t\t\t\t\t\t\t\t\t\t\t\t\t\t\t\t\t\t\t\t\t\t\t<li>Regroupement des commandes par mois<\/li>\n\t\t\t\t\t\t\t\t\t\t\t\t\t\t\t\t\t\t\t\t\t<\/ul>\n\t\t\t\t\t\t\t\t\t\t\t\t\t\t\t\t\t\t<div class=\"mt-auto\">\n\t\t\t\t\t\t\t\t\t\t<a href=\"https:\/\/www.sequiq.de\/fr\/releases\/release-2026-4\/\" class=\"btn btn-outline-primary btn-sm\">plus d&rsquo;infos<\/a>\n\t\t\t\t\t\t\t\t\t<\/div>\n\t\t\t\t\t\t\t\t<\/div>\n\t\t\t\t\t\t\t\t<div class=\"col-md-5 mt-3 mt-md-0\">\n\t\t\t\t\t\t\t\t\t\t\t\t\t\t\t\t\t\t\t<img loading=\"lazy\" decoding=\"async\" width=\"900\" height=\"506\" src=\"https:\/\/www.sequiq.de\/wp-content\/uploads\/sites\/2\/Thumbnail_Programmanalyse-900x506.jpg\" class=\"img-fluid rounded border border-light wp-post-image\" alt=\"\" srcset=\"https:\/\/www.sequiq.de\/wp-content\/uploads\/sites\/2\/Thumbnail_Programmanalyse-900x506.jpg 900w, https:\/\/www.sequiq.de\/wp-content\/uploads\/sites\/2\/Thumbnail_Programmanalyse-1800x1013.jpg 1800w, https:\/\/www.sequiq.de\/wp-content\/uploads\/sites\/2\/Thumbnail_Programmanalyse-768x432.jpg 768w, https:\/\/www.sequiq.de\/wp-content\/uploads\/sites\/2\/Thumbnail_Programmanalyse-1536x864.jpg 1536w, https:\/\/www.sequiq.de\/wp-content\/uploads\/sites\/2\/Thumbnail_Programmanalyse.jpg 1920w\" sizes=\"auto, (max-width: 900px) 100vw, 900px\" \/>\t\t\t\t\t\t\t\t\t\t\t\t\t\t\t\t\t<\/div>\n\t\t\t\t\t\t\t<\/div>\n\t\t\t\t\t\t<\/div>\n\t\t\t\t\t<\/div>\n\t\t\t\t<\/div>\n\t\t\t\t\t\t\n\t\t\t\t<div class=\"col-12 my-4\">\n\t\t\t\t\t<div id=\"release-1451\" class=\"card card-release rounded post-1451 release type-release status-publish has-post-thumbnail hentry\">\n\t\t\t\t\t\t<div class=\"card-body p-3 p-lg-4 p-xl-5\">\n\t\t\t\t\t\t\t<div class=\"row\">\n\t\t\t\t\t\t\t\t<div class=\"col-md-7 d-flex flex-column tinymce\">\n\t\t\t\t\t\t\t\t\t\t\t\t\t\t\t\t\t\t\t<div class=\"has-orange-color has-text-color has-link-color has-h-5-font-size\"><a href=\"https:\/\/www.sequiq.de\/fr\/releases\/release-2026-2\/\" class=\"text-decoration-none stretched-link\">Version 2026.2<\/a><\/div>\n\t\t\t\t\t\t\t\t\t\t\t\t\t\t\t\t\t\t\t\t\t\t\t\t\t\t\t\t<div class=\"has-h-4-font-size\">SEQUIQ Planification multi-lignes<\/div>\n\t\t\t\t\t\t\t\t\t\t\t\t\t\t\t\t\t\t\t\t\t\t\t\t\t\t\t\t\t\t\t\t\t\t\t\t\t\t<ul>\n\t\t\t\t\t\t\t\t\t\t\t\t\t\t\t\t\t\t\t\t\t\t\t<li>SEQUIQ Planification multi-lignes<\/li>\n\t\t\t\t\t\t\t\t\t\t\t\t\t\t\t\t\t\t\t\t\t\t\t<li>Hi\u00e9rarchisation s\u00e9par\u00e9e des r\u00e8gles de classement<\/li>\n\t\t\t\t\t\t\t\t\t\t\t\t\t\t\t\t\t\t\t\t\t\t\t<li>S\u00e9quencement en fonction de la charge de travail avec le carnet de commandes SEQUIQ<\/li>\n\t\t\t\t\t\t\t\t\t\t\t\t\t\t\t\t\t\t\t\t\t<\/ul>\n\t\t\t\t\t\t\t\t\t\t\t\t\t\t\t\t\t\t<div class=\"mt-auto\">\n\t\t\t\t\t\t\t\t\t\t<a href=\"https:\/\/www.sequiq.de\/fr\/releases\/release-2026-2\/\" class=\"btn btn-outline-primary btn-sm\">plus d&rsquo;infos<\/a>\n\t\t\t\t\t\t\t\t\t<\/div>\n\t\t\t\t\t\t\t\t<\/div>\n\t\t\t\t\t\t\t\t<div class=\"col-md-5 mt-3 mt-md-0\">\n\t\t\t\t\t\t\t\t\t\t\t\t\t\t\t\t\t\t\t<img loading=\"lazy\" decoding=\"async\" width=\"900\" height=\"506\" src=\"https:\/\/www.sequiq.de\/wp-content\/uploads\/sites\/2\/Thumbnail_SEQUIQ_Release_2026.2-900x506.jpg\" class=\"img-fluid rounded border border-light wp-post-image\" alt=\"\" srcset=\"https:\/\/www.sequiq.de\/wp-content\/uploads\/sites\/2\/Thumbnail_SEQUIQ_Release_2026.2-900x506.jpg 900w, https:\/\/www.sequiq.de\/wp-content\/uploads\/sites\/2\/Thumbnail_SEQUIQ_Release_2026.2-1800x1013.jpg 1800w, https:\/\/www.sequiq.de\/wp-content\/uploads\/sites\/2\/Thumbnail_SEQUIQ_Release_2026.2-768x432.jpg 768w, https:\/\/www.sequiq.de\/wp-content\/uploads\/sites\/2\/Thumbnail_SEQUIQ_Release_2026.2-1536x864.jpg 1536w, https:\/\/www.sequiq.de\/wp-content\/uploads\/sites\/2\/Thumbnail_SEQUIQ_Release_2026.2.jpg 1920w\" sizes=\"auto, (max-width: 900px) 100vw, 900px\" \/>\t\t\t\t\t\t\t\t\t\t\t\t\t\t\t\t\t<\/div>\n\t\t\t\t\t\t\t<\/div>\n\t\t\t\t\t\t<\/div>\n\t\t\t\t\t<\/div>\n\t\t\t\t<\/div>\n\t\t\t\t\t\t\n\t\t\t\t<div class=\"col-12 my-4\">\n\t\t\t\t\t<div id=\"release-1432\" class=\"card card-release rounded post-1432 release type-release status-publish has-post-thumbnail hentry\">\n\t\t\t\t\t\t<div class=\"card-body p-3 p-lg-4 p-xl-5\">\n\t\t\t\t\t\t\t<div class=\"row\">\n\t\t\t\t\t\t\t\t<div class=\"col-md-7 d-flex flex-column tinymce\">\n\t\t\t\t\t\t\t\t\t\t\t\t\t\t\t\t\t\t\t<div class=\"has-orange-color has-text-color has-link-color has-h-5-font-size\"><a href=\"https:\/\/www.sequiq.de\/fr\/releases\/release-2025-12\/\" class=\"text-decoration-none stretched-link\">Version 2025.12<\/a><\/div>\n\t\t\t\t\t\t\t\t\t\t\t\t\t\t\t\t\t\t\t\t\t\t\t\t\t\t\t\t<div class=\"has-h-4-font-size\">L&rsquo;analyse de programme SEQUIQ est d\u00e9sormais encore plus facile \u00e0 utiliser<\/div>\n\t\t\t\t\t\t\t\t\t\t\t\t\t\t\t\t\t\t\t\t\t\t\t\t\t\t\t\t\t\t\t\t\t\t\t\t\t\t<ul>\n\t\t\t\t\t\t\t\t\t\t\t\t\t\t\t\t\t\t\t\t\t\t\t<li>L&#039;analyse de programme SEQUIQ est d\u00e9sormais encore plus facile \u00e0 utiliser<\/li>\n\t\t\t\t\t\t\t\t\t\t\t\t\t\t\t\t\t\t\t\t\t<\/ul>\n\t\t\t\t\t\t\t\t\t\t\t\t\t\t\t\t\t\t<div class=\"mt-auto\">\n\t\t\t\t\t\t\t\t\t\t<a href=\"https:\/\/www.sequiq.de\/fr\/releases\/release-2025-12\/\" class=\"btn btn-outline-primary btn-sm\">plus d&rsquo;infos<\/a>\n\t\t\t\t\t\t\t\t\t<\/div>\n\t\t\t\t\t\t\t\t<\/div>\n\t\t\t\t\t\t\t\t<div class=\"col-md-5 mt-3 mt-md-0\">\n\t\t\t\t\t\t\t\t\t\t\t\t\t\t\t\t\t\t\t<img loading=\"lazy\" decoding=\"async\" width=\"900\" height=\"506\" src=\"https:\/\/www.sequiq.de\/wp-content\/uploads\/sites\/2\/2025.12-Screenshot-SEQUIQ-900x506.jpg\" class=\"img-fluid rounded border border-light wp-post-image\" alt=\"\" srcset=\"https:\/\/www.sequiq.de\/wp-content\/uploads\/sites\/2\/2025.12-Screenshot-SEQUIQ-900x506.jpg 900w, https:\/\/www.sequiq.de\/wp-content\/uploads\/sites\/2\/2025.12-Screenshot-SEQUIQ-768x432.jpg 768w, https:\/\/www.sequiq.de\/wp-content\/uploads\/sites\/2\/2025.12-Screenshot-SEQUIQ.jpg 1280w\" sizes=\"auto, (max-width: 900px) 100vw, 900px\" \/>\t\t\t\t\t\t\t\t\t\t\t\t\t\t\t\t\t<\/div>\n\t\t\t\t\t\t\t<\/div>\n\t\t\t\t\t\t<\/div>\n\t\t\t\t\t<\/div>\n\t\t\t\t<\/div>\n\t\t\t\t\t\t\n\t\t\t\t<div class=\"col-12 my-4\">\n\t\t\t\t\t<div id=\"release-1401\" class=\"card card-release rounded post-1401 release type-release status-publish has-post-thumbnail hentry\">\n\t\t\t\t\t\t<div class=\"card-body p-3 p-lg-4 p-xl-5\">\n\t\t\t\t\t\t\t<div class=\"row\">\n\t\t\t\t\t\t\t\t<div class=\"col-md-7 d-flex flex-column tinymce\">\n\t\t\t\t\t\t\t\t\t\t\t\t\t\t\t\t\t\t\t<div class=\"has-orange-color has-text-color has-link-color has-h-5-font-size\"><a href=\"https:\/\/www.sequiq.de\/fr\/releases\/release-2025-10\/\" class=\"text-decoration-none stretched-link\">Version 2025.10<\/a><\/div>\n\t\t\t\t\t\t\t\t\t\t\t\t\t\t\t\t\t\t\t\t\t\t\t\t\t\t\t\t<div class=\"has-h-4-font-size\">Planification des commandes avec des ensembles de r\u00e8gles g\u00e9r\u00e9s de mani\u00e8re centralis\u00e9e<\/div>\n\t\t\t\t\t\t\t\t\t\t\t\t\t\t\t\t\t\t\t\t\t\t\t\t\t\t\t\t\t\t\t\t\t\t\t\t\t\t<ul>\n\t\t\t\t\t\t\t\t\t\t\t\t\t\t\t\t\t\t\t\t\t\t\t<li>Planification des commandes avec des ensembles de r\u00e8gles g\u00e9r\u00e9s de mani\u00e8re centralis\u00e9e<\/li>\n\t\t\t\t\t\t\t\t\t\t\t\t\t\t\t\t\t\t\t\t\t\t\t<li>G\u00e9rer les r\u00e8gles de s\u00e9quence avec une r\u00e9f\u00e9rence temporelle dynamique<\/li>\n\t\t\t\t\t\t\t\t\t\t\t\t\t\t\t\t\t\t\t\t\t\t\t<li>  Contr\u00f4le des objectifs d&#039;optimisation : Flexible et pr\u00e9cis<\/li>\n\t\t\t\t\t\t\t\t\t\t\t\t\t\t\t\t\t\t\t\t\t<\/ul>\n\t\t\t\t\t\t\t\t\t\t\t\t\t\t\t\t\t\t<div class=\"mt-auto\">\n\t\t\t\t\t\t\t\t\t\t<a href=\"https:\/\/www.sequiq.de\/fr\/releases\/release-2025-10\/\" class=\"btn btn-outline-primary btn-sm\">plus d&rsquo;infos<\/a>\n\t\t\t\t\t\t\t\t\t<\/div>\n\t\t\t\t\t\t\t\t<\/div>\n\t\t\t\t\t\t\t\t<div class=\"col-md-5 mt-3 mt-md-0\">\n\t\t\t\t\t\t\t\t\t\t\t\t\t\t\t\t\t\t\t<img loading=\"lazy\" decoding=\"async\" width=\"900\" height=\"506\" src=\"https:\/\/www.sequiq.de\/wp-content\/uploads\/sites\/2\/Thumbnail_2025.10-900x506.jpg\" class=\"img-fluid rounded border border-light wp-post-image\" alt=\"\" srcset=\"https:\/\/www.sequiq.de\/wp-content\/uploads\/sites\/2\/Thumbnail_2025.10-900x506.jpg 900w, https:\/\/www.sequiq.de\/wp-content\/uploads\/sites\/2\/Thumbnail_2025.10-1800x1013.jpg 1800w, https:\/\/www.sequiq.de\/wp-content\/uploads\/sites\/2\/Thumbnail_2025.10-768x432.jpg 768w, https:\/\/www.sequiq.de\/wp-content\/uploads\/sites\/2\/Thumbnail_2025.10-1536x864.jpg 1536w, https:\/\/www.sequiq.de\/wp-content\/uploads\/sites\/2\/Thumbnail_2025.10.jpg 1920w\" sizes=\"auto, (max-width: 900px) 100vw, 900px\" \/>\t\t\t\t\t\t\t\t\t\t\t\t\t\t\t\t\t<\/div>\n\t\t\t\t\t\t\t<\/div>\n\t\t\t\t\t\t<\/div>\n\t\t\t\t\t<\/div>\n\t\t\t\t<\/div>\n\t\t\t\t\t<\/div>\t\n\n\t<\/div>\n\n<\/div>\n\n<div class=\"wp-block-group alignfull has-global-padding is-layout-constrained wp-block-group-is-layout-constrained\">\n<div class=\"wp-block-columns alignwide are-vertically-aligned-center is-layout-flex wp-container-core-columns-is-layout-28f84493 wp-block-columns-is-layout-flex\">\n<div class=\"wp-block-column is-vertically-aligned-center is-layout-flow wp-block-column-is-layout-flow\">\n<p class=\"has-text-align-left has-h-2-font-size\">Vous pourriez \u00e9galement \u00eatre int\u00e9ress\u00e9 par<\/p>\n\n\n\n<p>Apprenez-en plus sur les diff\u00e9rentes <a href=\"https:\/\/www.sequiq.de\/fr\/possibilites-de-personnalisation\/\" data-type=\"page\" data-id=\"171\">possibilit\u00e9s de personnalisation<\/a> de SEQUIQ et sur la mani\u00e8re dont vous pouvez b\u00e9n\u00e9ficier de notre <a href=\"https:\/\/www.sequiq.de\/fr\/developpement-agile\/\" data-type=\"page\" data-id=\"161\">processus de d\u00e9veloppement Agile<\/a>.<\/p>\n<\/div>\n\n\n\n<div class=\"wp-block-column is-vertically-aligned-center is-layout-flow wp-block-column-is-layout-flow\">\n<div  class=\"wp-block-teaser  \">\t\n\t\n\t\n\t<div class=\"card card-teaser rounded h-100\">\n\t\t\t\t\t<div class=\"card-body p-3 p-lg-4 p-xxl-5\">\n\t\t\t\t<div class=\"row align-items-center\">\n\t\t\t\t\t<div class=\"col-md-7 order-2 order-md-1\">\t\t\t\t\t\n\t\t\t\t\t\t\t\t\t\t\t\t<a href=\"https:\/\/www.sequiq.de\/fr\/possibilites-de-personnalisation\/\" class=\"card-title d-block stretched-link text-decoration-none my-2 fw-semibold fs-5\">Possibilit\u00e9s de personnalisation<\/a>\n\t\t\t\t\t\t<p class=\"card-text hyphens m-0 p-0\">\n\t\t\t\t\t\t\tGr\u00e2ce \u00e0 la possibilit\u00e9 de conclure un accord de d\u00e9veloppement de produit et \u00e0 d&rsquo;autres options de personnalisation, nous permettons \u00e0 votre SEQUIQ de grandir avec vous.\t\t\t\t\t\t<\/p>\n\t\t\t\t\t\t<a href=\"https:\/\/www.sequiq.de\/fr\/possibilites-de-personnalisation\/\" class=\"btn btn-outline-primary btn-sm mt-3\">En savoir plus<\/a>\n\t\t\t\t\t<\/div>\n\t\t\t\t\t<div class=\"col-md-5 order-1 order-md-2\">\n\t\t\t\t\t\t<img loading=\"lazy\" decoding=\"async\" width=\"1\" height=\"1\" src=\"https:\/\/www.sequiq.de\/wp-content\/uploads\/sites\/2\/taktiq-agile-development-ideas-benefits.svg\" class=\"card-img-top h-auto wp-post-image\" alt=\"\" \/>\t\t\t\t\t<\/div>\n\t\t\t\t<\/div>\t\n\t\t\t<\/div>\t\t\n\t\t\t\t\n\t<\/div>\n<\/div>\n\n\n\n\n<div  class=\"wp-block-teaser  \">\t\n\t\n\t\n\t<div class=\"card card-teaser rounded h-100\">\n\t\t\t\t\t<div class=\"card-body p-3 p-lg-4 p-xxl-5\">\n\t\t\t\t<div class=\"row align-items-center\">\n\t\t\t\t\t<div class=\"col-md-7 order-2 order-md-1\">\t\t\t\t\t\n\t\t\t\t\t\t\t\t\t\t\t\t<a href=\"https:\/\/www.sequiq.de\/fr\/developpement-agile\/\" class=\"card-title d-block stretched-link text-decoration-none my-2 fw-semibold fs-5\">D\u00e9veloppement agile<\/a>\n\t\t\t\t\t\t<p class=\"card-text hyphens m-0 p-0\">\n\t\t\t\t\t\t\tGr\u00e2ce \u00e0 notre approche de d\u00e9veloppement agile, nous ne nous contentons pas de rester \u00e0 la pointe de l&rsquo;innovation, nous la faisons progresser.\t\t\t\t\t\t<\/p>\n\t\t\t\t\t\t<a href=\"https:\/\/www.sequiq.de\/fr\/developpement-agile\/\" class=\"btn btn-outline-primary btn-sm mt-3\">En savoir plus<\/a>\n\t\t\t\t\t<\/div>\n\t\t\t\t\t<div class=\"col-md-5 order-1 order-md-2\">\n\t\t\t\t\t\t<img loading=\"lazy\" decoding=\"async\" width=\"1\" height=\"1\" src=\"https:\/\/www.sequiq.de\/wp-content\/uploads\/sites\/2\/taktiq-agile-development-dialogue.svg\" class=\"card-img-top h-auto wp-post-image\" alt=\"\" \/>\t\t\t\t\t<\/div>\n\t\t\t\t<\/div>\t\n\t\t\t<\/div>\t\t\n\t\t\t\t\n\t<\/div>\n<\/div>\n\n<\/div>\n<\/div>\n<\/div>\n\n<div class=\"wp-block-group alignfull has-lightgrey-background-color has-background has-global-padding is-layout-constrained wp-block-group-is-layout-constrained\">\n<h2 class=\"wp-block-heading has-text-align-center\">Vos prochaines \u00e9tapes avec SEQUIQ<\/h2>\n\n\n\n<p class=\"has-text-align-center\">Apprenez \u00e0 mieux conna\u00eetre SEQUIQ et d\u00e9couvrez comment faire passer votre planification de production au niveau sup\u00e9rieur. Choisissez la voie qui vous convient le mieux. <\/p>\n\n\n\n<div style=\"height:1rem\" aria-hidden=\"true\" class=\"wp-block-spacer\"><\/div>\n\n\n\n<div class=\"wp-block-columns alignwide is-layout-flex wp-container-core-columns-is-layout-28f84493 wp-block-columns-is-layout-flex\">\n<div class=\"wp-block-column is-vertically-aligned-stretch is-layout-flow wp-block-column-is-layout-flow\">\n<div class=\"wp-block-group h-100 card-product has-border-color has-midgrey-border-color has-white-background-color has-background is-vertical is-layout-flex wp-container-core-group-is-layout-142ddb77 wp-block-group-is-layout-flex\" style=\"border-width:1px;border-radius:0.75rem;padding-top:var(--wp--preset--spacing--80);padding-right:var(--wp--preset--spacing--60);padding-bottom:var(--wp--preset--spacing--60);padding-left:var(--wp--preset--spacing--60)\">\n<figure class=\"wp-block-image size-full w-100 is-style-pulledout\" style=\"margin-right:var(--wp--preset--spacing--40);margin-left:var(--wp--preset--spacing--40)\"><img decoding=\"async\" src=\"https:\/\/relaunch.taktiq.de\/wp-content\/uploads\/2025\/06\/taktiq-trial-truck.svg\" alt=\"\" class=\"wp-image-528\"\/><\/figure>\n\n\n\n<div class=\"wp-block-group has-lightgrey-background-color has-background is-horizontal is-content-justification-left is-nowrap is-layout-flex wp-container-core-group-is-layout-183914e5 wp-block-group-is-layout-flex\" style=\"padding-top:0;padding-right:var(--wp--preset--spacing--40);padding-bottom:0;padding-left:0\">\n<figure class=\"wp-block-image size-thumbnail is-resized\"><img decoding=\"async\" src=\"https:\/\/relaunch.taktiq.de\/wp-content\/uploads\/2025\/07\/customer-happy-working-side-laptop-background-taktiq-300x300.jpg\" alt=\"\" class=\"wp-image-1260\" style=\"aspect-ratio:1;object-fit:cover;width:50px\"\/><\/figure>\n\n\n\n<p>Tester seul<\/p>\n<\/div>\n\n\n\n<h3 class=\"wp-block-heading\">Version d&rsquo;essai de 4 semaines<\/h3>\n\n\n\n<p>Essayez SEQUIQ gratuitement et \u00e9valuez vous-m\u00eame si le logiciel r\u00e9pond \u00e0 vos besoins.<\/p>\n\n\n\n<ul class=\"wp-block-list is-style-checklist-clean\">\n<li>D\u00e9marrer en 5 minutes<\/li>\n\n\n\n<li>Fonctionnalit\u00e9s compl\u00e8tes<\/li>\n\n\n\n<li>Aucun risque<\/li>\n\n\n\n<li>Exp\u00e9rience personnelle<\/li>\n<\/ul>\n\n\n\n<div class=\"wp-block-buttons mt-auto is-layout-flex wp-block-buttons-is-layout-flex\">\n<div class=\"wp-block-button is-style-outline is-style-outline--2\"><a class=\"wp-block-button__link wp-element-button\" href=\"https:\/\/www.sequiq.de\/fr\/vivre\/version-dessai\/\">D\u00e9couvrir maintenant<\/a><\/div>\n<\/div>\n<\/div>\n<\/div>\n\n\n\n<div class=\"wp-block-column is-vertically-aligned-stretch is-layout-flow wp-block-column-is-layout-flow\">\n<div class=\"wp-block-group h-100 card-product has-border-color has-white-background-color has-background is-vertical is-layout-flex wp-container-core-group-is-layout-142ddb77 wp-block-group-is-layout-flex\" style=\"border-color:#6E6E6E;border-width:1px;border-radius:0.75rem;padding-top:var(--wp--preset--spacing--80);padding-right:var(--wp--preset--spacing--60);padding-bottom:var(--wp--preset--spacing--60);padding-left:var(--wp--preset--spacing--60)\">\n<figure class=\"wp-block-image size-full w-100 is-style-pulledout\" style=\"margin-right:var(--wp--preset--spacing--40);margin-left:var(--wp--preset--spacing--40)\"><img decoding=\"async\" src=\"https:\/\/relaunch.taktiq.de\/wp-content\/uploads\/2025\/06\/taktiq-line-balancing-home-hero.svg\" alt=\"\" class=\"wp-image-514\"\/><\/figure>\n\n\n\n<div class=\"wp-block-group has-lightgrey-background-color has-background is-horizontal is-content-justification-left is-nowrap is-layout-flex wp-container-core-group-is-layout-183914e5 wp-block-group-is-layout-flex\" style=\"padding-top:0;padding-right:var(--wp--preset--spacing--40);padding-bottom:0;padding-left:0\">\n<figure class=\"wp-block-image size-thumbnail is-resized\"><img decoding=\"async\" src=\"https:\/\/relaunch.taktiq.de\/wp-content\/uploads\/2025\/07\/employee-headset-explaining-smile-front-background-taktiq-300x300.jpg\" alt=\"\" class=\"wp-image-1261\" style=\"aspect-ratio:1;object-fit:cover;width:50px\"\/><\/figure>\n\n\n\n<p>Avec Kira Askevold<\/p>\n<\/div>\n\n\n\n<h3 class=\"wp-block-heading has-orange-color has-text-color has-link-color wp-elements-da0735bac687259f00bfcf75d2e67460\">Premier entretien &amp; d\u00e9mo en direct<\/h3>\n\n\n\n<p>D\u00e9terminez si SEQUIQ vous convient lors d&rsquo;un premier entretien et faites ensuite l&rsquo;exp\u00e9rience de notre logiciel lors d&rsquo;une d\u00e9monstration en direct personnalis\u00e9e.<\/p>\n\n\n\n<ul class=\"wp-block-list is-style-checklist-clean\">\n<li>La clart\u00e9 en 15 minutes<\/li>\n\n\n\n<li>\u00c9change avec des experts<\/li>\n\n\n\n<li>D\u00e9monstration en direct personnalis\u00e9e<\/li>\n<\/ul>\n\n\n\n<div class=\"wp-block-buttons mt-auto is-horizontal is-content-justification-left is-layout-flex wp-container-core-buttons-is-layout-c4719c80 wp-block-buttons-is-layout-flex\">\n<div class=\"wp-block-button has-custom-width wp-block-button__width-100 is-style-fill\"><a class=\"wp-block-button__link wp-element-button\" href=\"https:\/\/www.sequiq.de\/fr\/vivre\/premier-entretien-demo-en-direct\/\">Obtenir un premier entretien<\/a><\/div>\n<\/div>\n<\/div>\n<\/div>\n\n\n\n<div class=\"wp-block-column is-vertically-aligned-stretch is-layout-flow wp-block-column-is-layout-flow\">\n<div class=\"wp-block-group h-100 card-product has-border-color has-midgrey-border-color has-white-background-color has-background is-vertical is-layout-flex wp-container-core-group-is-layout-142ddb77 wp-block-group-is-layout-flex\" style=\"border-width:1px;border-radius:0.75rem;padding-top:var(--wp--preset--spacing--80);padding-right:var(--wp--preset--spacing--60);padding-bottom:var(--wp--preset--spacing--60);padding-left:var(--wp--preset--spacing--60)\">\n<figure class=\"wp-block-image size-full w-100 is-style-pulledout\" style=\"margin-right:var(--wp--preset--spacing--40);margin-left:var(--wp--preset--spacing--40)\"><img decoding=\"async\" src=\"https:\/\/relaunch.taktiq.de\/wp-content\/uploads\/2025\/06\/taktiq-pilot-project.svg\" alt=\"\" class=\"wp-image-521\"\/><\/figure>\n\n\n\n<div class=\"wp-block-group has-lightgrey-background-color has-background is-horizontal is-content-justification-left is-nowrap is-layout-flex wp-container-core-group-is-layout-183914e5 wp-block-group-is-layout-flex\" style=\"padding-top:0;padding-right:var(--wp--preset--spacing--40);padding-bottom:0;padding-left:0\">\n<figure class=\"wp-block-image size-thumbnail is-resized\"><img decoding=\"async\" src=\"https:\/\/relaunch.taktiq.de\/wp-content\/uploads\/2025\/07\/portrait-victor-kuepper-taktiq-300x300.jpg\" alt=\"\" class=\"wp-image-834\" style=\"aspect-ratio:1;object-fit:cover;width:50px\"\/><\/figure>\n\n\n\n<p>Avec Victor K\u00fcpper<\/p>\n<\/div>\n\n\n\n<h3 class=\"wp-block-heading\">Projet pilote ou enregistrement des exigences<\/h3>\n\n\n\n<p>Testez SEQUIQ directement dans votre environnement de production avec un projet pilote sur mesure ou un enregistrement des exigences sur site.<\/p>\n\n\n\n<ul class=\"wp-block-list is-style-checklist-clean\">\n<li>Fonctionnement en parall\u00e8le avec le syst\u00e8me actuel<\/li>\n\n\n\n<li>Zone de test optimis\u00e9e<\/li>\n\n\n\n<li>Analyse de l&rsquo;\u00e9cart d&rsquo;ajustement<\/li>\n\n\n\n<li>Formation sur mesure<\/li>\n\n\n\n<li>Assistance personnelle<\/li>\n<\/ul>\n\n\n\n<div class=\"wp-block-buttons mt-auto is-layout-flex wp-block-buttons-is-layout-flex\">\n<div class=\"wp-block-button is-style-outline is-style-outline--3\"><a class=\"wp-block-button__link wp-element-button\" href=\"https:\/\/www.sequiq.de\/fr\/vivre\/pilote-enregistrement-des-exigences\/\">Demander des conseils<\/a><\/div>\n<\/div>\n<\/div>\n<\/div>\n<\/div>\n<\/div>\n","protected":false},"excerpt":{"rendered":"<p>Toujours une longueur d&rsquo;avance Nos mises \u00e0 jour sont con\u00e7ues pour r\u00e9pondre aux d\u00e9fis de nos clients et pour apporter des am\u00e9liorations l\u00e0 o\u00f9 elles sont le plus utiles. Comme ces mises \u00e0 jour profitent \u00e0 tous les clients, nous les informons \u00e0 chaque version par le biais d&rsquo;une newsletter contenant des instructions et des [&hellip;]<\/p>\n","protected":false},"author":1,"featured_media":794,"parent":0,"menu_order":0,"comment_status":"closed","ping_status":"closed","template":"","meta":{"_acf_changed":false,"footnotes":""},"class_list":["post-793","page","type-page","status-publish","has-post-thumbnail","hentry"],"acf":[],"_links":{"self":[{"href":"https:\/\/www.sequiq.de\/fr\/wp-json\/wp\/v2\/pages\/793","targetHints":{"allow":["GET"]}}],"collection":[{"href":"https:\/\/www.sequiq.de\/fr\/wp-json\/wp\/v2\/pages"}],"about":[{"href":"https:\/\/www.sequiq.de\/fr\/wp-json\/wp\/v2\/types\/page"}],"author":[{"embeddable":true,"href":"https:\/\/www.sequiq.de\/fr\/wp-json\/wp\/v2\/users\/1"}],"replies":[{"embeddable":true,"href":"https:\/\/www.sequiq.de\/fr\/wp-json\/wp\/v2\/comments?post=793"}],"version-history":[{"count":3,"href":"https:\/\/www.sequiq.de\/fr\/wp-json\/wp\/v2\/pages\/793\/revisions"}],"predecessor-version":[{"id":1354,"href":"https:\/\/www.sequiq.de\/fr\/wp-json\/wp\/v2\/pages\/793\/revisions\/1354"}],"wp:featuredmedia":[{"embeddable":true,"href":"https:\/\/www.sequiq.de\/fr\/wp-json\/wp\/v2\/media\/794"}],"wp:attachment":[{"href":"https:\/\/www.sequiq.de\/fr\/wp-json\/wp\/v2\/media?parent=793"}],"curies":[{"name":"wp","href":"https:\/\/api.w.org\/{rel}","templated":true}]}}