{"id":838,"date":"2025-07-17T12:44:13","date_gmt":"2025-07-17T10:44:13","guid":{"rendered":"https:\/\/relaunch.sequiq.de\/vivre\/"},"modified":"2025-08-14T14:40:21","modified_gmt":"2025-08-14T12:40:21","slug":"vivre","status":"publish","type":"page","link":"https:\/\/www.sequiq.de\/fr\/vivre\/","title":{"rendered":"Vivre"},"content":{"rendered":"\n<div class=\"wp-block-group alignfull has-lightgrey-background-color has-background has-global-padding is-layout-constrained wp-block-group-is-layout-constrained\">\n<h2 class=\"wp-block-heading has-text-align-center\">Vos prochaines \u00e9tapes avec SEQUIQ<\/h2>\n\n\n\n<p class=\"has-text-align-center\">Apprenez \u00e0 mieux conna\u00eetre SEQUIQ et d\u00e9couvrez comment faire passer votre planification de production au niveau sup\u00e9rieur. Choisissez la voie qui vous convient le mieux. <\/p>\n\n\n\n<div style=\"height:1rem\" aria-hidden=\"true\" class=\"wp-block-spacer\"><\/div>\n\n\n\n<div class=\"wp-block-columns alignwide is-layout-flex wp-container-core-columns-is-layout-28f84493 wp-block-columns-is-layout-flex\">\n<div class=\"wp-block-column is-vertically-aligned-stretch is-layout-flow wp-block-column-is-layout-flow\">\n<div class=\"wp-block-group h-100 card-product has-border-color has-midgrey-border-color has-white-background-color has-background is-vertical is-layout-flex wp-container-core-group-is-layout-142ddb77 wp-block-group-is-layout-flex\" style=\"border-width:1px;border-radius:0.75rem;padding-top:var(--wp--preset--spacing--80);padding-right:var(--wp--preset--spacing--60);padding-bottom:var(--wp--preset--spacing--60);padding-left:var(--wp--preset--spacing--60)\">\n<figure class=\"wp-block-image size-full w-100 is-style-pulledout\" style=\"margin-right:var(--wp--preset--spacing--40);margin-left:var(--wp--preset--spacing--40)\"><img decoding=\"async\" src=\"https:\/\/relaunch.taktiq.de\/wp-content\/uploads\/2025\/06\/taktiq-trial-truck.svg\" alt=\"\" class=\"wp-image-528\"\/><\/figure>\n\n\n\n<div class=\"wp-block-group has-lightgrey-background-color has-background is-horizontal is-content-justification-left is-nowrap is-layout-flex wp-container-core-group-is-layout-183914e5 wp-block-group-is-layout-flex\" style=\"padding-top:0;padding-right:var(--wp--preset--spacing--40);padding-bottom:0;padding-left:0\">\n<figure class=\"wp-block-image size-thumbnail is-resized\"><img decoding=\"async\" src=\"https:\/\/relaunch.taktiq.de\/wp-content\/uploads\/2025\/07\/customer-happy-working-side-laptop-background-taktiq-300x300.jpg\" alt=\"\" class=\"wp-image-1260\" style=\"aspect-ratio:1;object-fit:cover;width:50px\"\/><\/figure>\n\n\n\n<p>Tester seul<\/p>\n<\/div>\n\n\n\n<h3 class=\"wp-block-heading\">Version d&rsquo;essai de 4 semaines<\/h3>\n\n\n\n<p>Essayez SEQUIQ gratuitement et \u00e9valuez vous-m\u00eame si le logiciel r\u00e9pond \u00e0 vos besoins.<\/p>\n\n\n\n<ul class=\"wp-block-list is-style-checklist-clean\">\n<li>D\u00e9marrer en 5 minutes<\/li>\n\n\n\n<li>Fonctionnalit\u00e9s compl\u00e8tes<\/li>\n\n\n\n<li>Aucun risque<\/li>\n\n\n\n<li>Exp\u00e9rience personnelle<\/li>\n<\/ul>\n\n\n\n<div class=\"wp-block-buttons mt-auto is-layout-flex wp-block-buttons-is-layout-flex\">\n<div class=\"wp-block-button is-style-outline is-style-outline--1\"><a class=\"wp-block-button__link wp-element-button\" href=\"https:\/\/www.sequiq.de\/fr\/vivre\/version-dessai\/\">D\u00e9couvrir maintenant<\/a><\/div>\n<\/div>\n<\/div>\n<\/div>\n\n\n\n<div class=\"wp-block-column is-vertically-aligned-stretch is-layout-flow wp-block-column-is-layout-flow\">\n<div class=\"wp-block-group h-100 card-product has-border-color has-white-background-color has-background is-vertical is-layout-flex wp-container-core-group-is-layout-142ddb77 wp-block-group-is-layout-flex\" style=\"border-color:#6E6E6E;border-width:1px;border-radius:0.75rem;padding-top:var(--wp--preset--spacing--80);padding-right:var(--wp--preset--spacing--60);padding-bottom:var(--wp--preset--spacing--60);padding-left:var(--wp--preset--spacing--60)\">\n<figure class=\"wp-block-image size-full w-100 is-style-pulledout\" style=\"margin-right:var(--wp--preset--spacing--40);margin-left:var(--wp--preset--spacing--40)\"><img decoding=\"async\" src=\"https:\/\/relaunch.taktiq.de\/wp-content\/uploads\/2025\/06\/taktiq-line-balancing-home-hero.svg\" alt=\"\" class=\"wp-image-514\"\/><\/figure>\n\n\n\n<div class=\"wp-block-group has-lightgrey-background-color has-background is-horizontal is-content-justification-left is-nowrap is-layout-flex wp-container-core-group-is-layout-183914e5 wp-block-group-is-layout-flex\" style=\"padding-top:0;padding-right:var(--wp--preset--spacing--40);padding-bottom:0;padding-left:0\">\n<figure class=\"wp-block-image size-thumbnail is-resized\"><img decoding=\"async\" src=\"https:\/\/relaunch.taktiq.de\/wp-content\/uploads\/2025\/07\/employee-headset-explaining-smile-front-background-taktiq-300x300.jpg\" alt=\"\" class=\"wp-image-1261\" style=\"aspect-ratio:1;object-fit:cover;width:50px\"\/><\/figure>\n\n\n\n<p>Avec Kira Askevold<\/p>\n<\/div>\n\n\n\n<h3 class=\"wp-block-heading has-orange-color has-text-color has-link-color wp-elements-da0735bac687259f00bfcf75d2e67460\">Premier entretien &amp; d\u00e9mo en direct<\/h3>\n\n\n\n<p>D\u00e9terminez si SEQUIQ vous convient lors d&rsquo;un premier entretien et faites ensuite l&rsquo;exp\u00e9rience de notre logiciel lors d&rsquo;une d\u00e9monstration en direct personnalis\u00e9e.<\/p>\n\n\n\n<ul class=\"wp-block-list is-style-checklist-clean\">\n<li>La clart\u00e9 en 15 minutes<\/li>\n\n\n\n<li>\u00c9change avec des experts<\/li>\n\n\n\n<li>D\u00e9monstration en direct personnalis\u00e9e<\/li>\n<\/ul>\n\n\n\n<div class=\"wp-block-buttons mt-auto is-horizontal is-content-justification-left is-layout-flex wp-container-core-buttons-is-layout-c4719c80 wp-block-buttons-is-layout-flex\">\n<div class=\"wp-block-button has-custom-width wp-block-button__width-100 is-style-fill\"><a class=\"wp-block-button__link wp-element-button\" href=\"https:\/\/www.sequiq.de\/fr\/vivre\/premier-entretien-demo-en-direct\/\">Obtenir un premier entretien<\/a><\/div>\n<\/div>\n<\/div>\n<\/div>\n\n\n\n<div class=\"wp-block-column is-vertically-aligned-stretch is-layout-flow wp-block-column-is-layout-flow\">\n<div class=\"wp-block-group h-100 card-product has-border-color has-midgrey-border-color has-white-background-color has-background is-vertical is-layout-flex wp-container-core-group-is-layout-142ddb77 wp-block-group-is-layout-flex\" style=\"border-width:1px;border-radius:0.75rem;padding-top:var(--wp--preset--spacing--80);padding-right:var(--wp--preset--spacing--60);padding-bottom:var(--wp--preset--spacing--60);padding-left:var(--wp--preset--spacing--60)\">\n<figure class=\"wp-block-image size-full w-100 is-style-pulledout\" style=\"margin-right:var(--wp--preset--spacing--40);margin-left:var(--wp--preset--spacing--40)\"><img decoding=\"async\" src=\"https:\/\/relaunch.taktiq.de\/wp-content\/uploads\/2025\/06\/taktiq-pilot-project.svg\" alt=\"\" class=\"wp-image-521\"\/><\/figure>\n\n\n\n<div class=\"wp-block-group has-lightgrey-background-color has-background is-horizontal is-content-justification-left is-nowrap is-layout-flex wp-container-core-group-is-layout-183914e5 wp-block-group-is-layout-flex\" style=\"padding-top:0;padding-right:var(--wp--preset--spacing--40);padding-bottom:0;padding-left:0\">\n<figure class=\"wp-block-image size-thumbnail is-resized\"><img decoding=\"async\" src=\"https:\/\/relaunch.taktiq.de\/wp-content\/uploads\/2025\/07\/portrait-victor-kuepper-taktiq-300x300.jpg\" alt=\"\" class=\"wp-image-834\" style=\"aspect-ratio:1;object-fit:cover;width:50px\"\/><\/figure>\n\n\n\n<p>Avec Victor K\u00fcpper<\/p>\n<\/div>\n\n\n\n<h3 class=\"wp-block-heading\">Projet pilote ou enregistrement des exigences<\/h3>\n\n\n\n<p>Testez SEQUIQ directement dans votre environnement de production avec un projet pilote sur mesure ou un enregistrement des exigences sur site.<\/p>\n\n\n\n<ul class=\"wp-block-list is-style-checklist-clean\">\n<li>Fonctionnement en parall\u00e8le avec le syst\u00e8me actuel<\/li>\n\n\n\n<li>Zone de test optimis\u00e9e<\/li>\n\n\n\n<li>Analyse de l&rsquo;\u00e9cart d&rsquo;ajustement<\/li>\n\n\n\n<li>Formation sur mesure<\/li>\n\n\n\n<li>Assistance personnelle<\/li>\n<\/ul>\n\n\n\n<div class=\"wp-block-buttons mt-auto is-layout-flex wp-block-buttons-is-layout-flex\">\n<div class=\"wp-block-button is-style-outline is-style-outline--2\"><a class=\"wp-block-button__link wp-element-button\" href=\"https:\/\/www.sequiq.de\/fr\/vivre\/pilote-enregistrement-des-exigences\/\">Demander des conseils<\/a><\/div>\n<\/div>\n<\/div>\n<\/div>\n<\/div>\n<\/div>\n","protected":false},"excerpt":{"rendered":"","protected":false},"author":1,"featured_media":0,"parent":0,"menu_order":0,"comment_status":"closed","ping_status":"closed","template":"","meta":{"_acf_changed":false,"footnotes":""},"class_list":["post-838","page","type-page","status-publish","hentry"],"acf":[],"_links":{"self":[{"href":"https:\/\/www.sequiq.de\/fr\/wp-json\/wp\/v2\/pages\/838","targetHints":{"allow":["GET"]}}],"collection":[{"href":"https:\/\/www.sequiq.de\/fr\/wp-json\/wp\/v2\/pages"}],"about":[{"href":"https:\/\/www.sequiq.de\/fr\/wp-json\/wp\/v2\/types\/page"}],"author":[{"embeddable":true,"href":"https:\/\/www.sequiq.de\/fr\/wp-json\/wp\/v2\/users\/1"}],"replies":[{"embeddable":true,"href":"https:\/\/www.sequiq.de\/fr\/wp-json\/wp\/v2\/comments?post=838"}],"version-history":[{"count":1,"href":"https:\/\/www.sequiq.de\/fr\/wp-json\/wp\/v2\/pages\/838\/revisions"}],"predecessor-version":[{"id":839,"href":"https:\/\/www.sequiq.de\/fr\/wp-json\/wp\/v2\/pages\/838\/revisions\/839"}],"wp:attachment":[{"href":"https:\/\/www.sequiq.de\/fr\/wp-json\/wp\/v2\/media?parent=838"}],"curies":[{"name":"wp","href":"https:\/\/api.w.org\/{rel}","templated":true}]}}