{"id":851,"date":"2025-07-17T12:45:42","date_gmt":"2025-07-17T10:45:42","guid":{"rendered":"https:\/\/relaunch.sequiq.de\/vivre\/premier-entretien-demo-en-direct\/"},"modified":"2026-04-28T16:10:18","modified_gmt":"2026-04-28T14:10:18","slug":"erstgespraech-live-demo","status":"publish","type":"page","link":"https:\/\/www.sequiq.de\/fr\/vivre\/erstgespraech-live-demo\/","title":{"rendered":"Premier entretien &amp; d\u00e9mo en direct"},"content":{"rendered":"\n<div class=\"wp-block-group alignfull has-ms-lightgrey-background-color has-background has-global-padding is-layout-constrained wp-block-group-is-layout-constrained\">\n<div class=\"wp-block-columns alignwide are-vertically-aligned-top is-layout-flex wp-container-core-columns-is-layout-28f84493 wp-block-columns-is-layout-flex\">\n<div class=\"wp-block-column is-vertically-aligned-top is-layout-flow wp-block-column-is-layout-flow\" style=\"flex-basis:40%\">\n<h1 class=\"wp-block-heading has-text-align-left\">C&rsquo;est parti<\/h1>\n\n\n\n<p class=\"has-intro-font-size\">Choisissez une date pour commencer. Voici la marche \u00e0 suivre : <\/p>\n\n\n\n<div class=\"wp-block-group alignfull has-global-padding is-layout-constrained wp-container-core-group-is-layout-c06d165c wp-block-group-is-layout-constrained\" style=\"padding-top:0;padding-right:0;padding-bottom:0;padding-left:0\">\n\n\n<div class=\"wp-block-group is-vertical is-layout-flex wp-container-core-group-is-layout-f98cf28f wp-block-group-is-layout-flex\" style=\"padding-top:0;padding-right:0;padding-bottom:0;padding-left:0\">\n<div class=\"wp-block-group has-border-color has-midgrey-border-color has-white-background-color has-background has-global-padding is-layout-constrained wp-container-core-group-is-layout-80fb368b wp-block-group-is-layout-constrained\" style=\"border-width:1px;border-radius:0.5rem;padding-top:var(--wp--preset--spacing--30);padding-right:var(--wp--preset--spacing--30);padding-bottom:var(--wp--preset--spacing--30);padding-left:var(--wp--preset--spacing--30)\">\n<div class=\"wp-block-group has-white-background-color has-background has-global-padding is-layout-constrained wp-container-core-group-is-layout-61ad80a1 wp-block-group-is-layout-constrained\" style=\"margin-top:0;margin-bottom:0;padding-top:var(--wp--preset--spacing--50);padding-right:var(--wp--preset--spacing--50);padding-bottom:var(--wp--preset--spacing--50);padding-left:var(--wp--preset--spacing--50)\">\n<div class=\"wp-block-group is-vertical is-layout-flex wp-container-core-group-is-layout-529f2e1b wp-block-group-is-layout-flex\" style=\"padding-top:0;padding-right:0;padding-bottom:0;padding-left:0\">\n<figure class=\"wp-block-image size-full is-resized\"><img decoding=\"async\" src=\"https:\/\/www.sequiq.de\/wp-content\/uploads\/sites\/2\/ausschreibung-berater-und-trainer-taktiq.svg\" alt=\"\" class=\"wp-image-42\" style=\"width:auto;height:60px\"\/><\/figure>\n\n\n\n<h3 class=\"wp-block-heading has-h-4-font-size\">Premi\u00e8re rencontre<\/h3>\n<\/div>\n\n\n\n<p>Lors d&rsquo;un bref appel sans engagement, nous discutons des d\u00e9fis de votre production. Nous verrons ensuite si nous sommes compatibles et dans quelle mesure vous pouvez tirer profit de notre logiciel. <\/p>\n<\/div>\n<\/div>\n\n\n\n<div class=\"wp-block-group has-border-color has-midgrey-border-color has-white-background-color has-background has-global-padding is-layout-constrained wp-container-core-group-is-layout-80fb368b wp-block-group-is-layout-constrained\" style=\"border-width:1px;border-radius:0.5rem;padding-top:var(--wp--preset--spacing--30);padding-right:var(--wp--preset--spacing--30);padding-bottom:var(--wp--preset--spacing--30);padding-left:var(--wp--preset--spacing--30)\">\n<div class=\"wp-block-group has-white-background-color has-background has-global-padding is-layout-constrained wp-container-core-group-is-layout-61ad80a1 wp-block-group-is-layout-constrained\" style=\"margin-top:0;margin-bottom:0;padding-top:var(--wp--preset--spacing--50);padding-right:var(--wp--preset--spacing--50);padding-bottom:var(--wp--preset--spacing--50);padding-left:var(--wp--preset--spacing--50)\">\n<div class=\"wp-block-group is-vertical is-layout-flex wp-container-core-group-is-layout-529f2e1b wp-block-group-is-layout-flex\" style=\"padding-top:0;padding-right:0;padding-bottom:0;padding-left:0\">\n<figure class=\"wp-block-image size-full is-resized\"><img decoding=\"async\" src=\"https:\/\/www.sequiq.de\/wp-content\/uploads\/sites\/2\/ausschreibung-support-specialist-taktiq.svg\" alt=\"\" class=\"wp-image-53\" style=\"width:auto;height:60px\"\/><\/figure>\n\n\n\n<h3 class=\"wp-block-heading has-h-4-font-size\">D\u00e9monstration en direct pour votre \u00e9quipe<\/h3>\n<\/div>\n\n\n\n<p>Lors d&rsquo;un autre rendez-vous, nous montrons le logiciel en direct \u00e0 votre \u00e9quipe, r\u00e9pondons \u00e0 vos d\u00e9fis et pr\u00e9sentons les fonctionnalit\u00e9s SEQUIQ appropri\u00e9es.<\/p>\n<\/div>\n<\/div>\n\n\n\n<div class=\"wp-block-group has-border-color has-midgrey-border-color has-white-background-color has-background has-global-padding is-layout-constrained wp-container-core-group-is-layout-80fb368b wp-block-group-is-layout-constrained\" style=\"border-width:1px;border-radius:0.5rem;padding-top:var(--wp--preset--spacing--30);padding-right:var(--wp--preset--spacing--30);padding-bottom:var(--wp--preset--spacing--30);padding-left:var(--wp--preset--spacing--30)\">\n<div class=\"wp-block-group has-white-background-color has-background has-global-padding is-layout-constrained wp-container-core-group-is-layout-61ad80a1 wp-block-group-is-layout-constrained\" style=\"margin-top:0;margin-bottom:0;padding-top:var(--wp--preset--spacing--50);padding-right:var(--wp--preset--spacing--50);padding-bottom:var(--wp--preset--spacing--50);padding-left:var(--wp--preset--spacing--50)\">\n<div class=\"wp-block-group is-vertical is-layout-flex wp-container-core-group-is-layout-529f2e1b wp-block-group-is-layout-flex\" style=\"padding-top:0;padding-right:0;padding-bottom:0;padding-left:0\">\n<figure class=\"wp-block-image size-full is-resized\"><img decoding=\"async\" src=\"https:\/\/www.sequiq.de\/wp-content\/uploads\/sites\/2\/ausschreibung-human-resources-manager-taktiq.svg\" alt=\"\" class=\"wp-image-488\" style=\"width:auto;height:60px\"\/><\/figure>\n\n\n\n<h3 class=\"wp-block-heading has-h-4-font-size\">Planifier les prochaines \u00e9tapes<\/h3>\n<\/div>\n\n\n\n<p>Si SEQUIQ vous convainc, nous discutons ensemble des exigences ouvertes ou du lancement d&rsquo;un projet pilote.<\/p>\n<\/div>\n<\/div>\n<\/div>\n<\/div>\n\n\n\n<div style=\"height:2rem\" aria-hidden=\"true\" class=\"wp-block-spacer\"><\/div>\n\n\n\n\n<\/div>\n\n\n\n<div class=\"wp-block-column is-vertically-aligned-center is-layout-flow wp-block-column-is-layout-flow\">\n\n\n<\/p>\n\n\n\n<!-- Start of Meetings Embed Script -->\n    <div class=\"meetings-iframe-container\" data-src=\"https:\/\/meetings-eu1.hubspot.com\/kaskevold\/sequiq-discovery-call?embed=true\"><\/div>\n    <script type=\"text\/javascript\" src=\"https:\/\/static.hsappstatic.net\/MeetingsEmbed\/ex\/MeetingsEmbedCode.js\"><\/script>\n  <!-- End of Meetings Embed Script -->\n\n\n<p>\n<\/div>\n<\/div>\n<\/div>\n\n<div class=\"wp-block-group alignfull has-lightgrey-background-color has-background has-global-padding is-layout-constrained wp-block-group-is-layout-constrained\">\n<h2 class=\"wp-block-heading has-text-align-center\">Vos prochaines \u00e9tapes avec SEQUIQ<\/h2>\n\n\n\n<p class=\"has-text-align-center\">Apprenez \u00e0 mieux conna\u00eetre SEQUIQ et d\u00e9couvrez comment faire passer votre planification de production au niveau sup\u00e9rieur. Choisissez la voie qui vous convient le mieux. <\/p>\n\n\n\n<div class=\"wp-block-columns alignwide is-layout-flex wp-container-core-columns-is-layout-28f84493 wp-block-columns-is-layout-flex\">\n<div class=\"wp-block-column is-vertically-aligned-stretch is-layout-flow wp-block-column-is-layout-flow\"><\/div>\n\n\n\n<div class=\"wp-block-column is-vertically-aligned-stretch is-layout-flow wp-block-column-is-layout-flow\">\n<div class=\"wp-block-group h-100 card-product has-border-color has-midgrey-border-color has-white-background-color has-background is-vertical is-layout-flex wp-container-core-group-is-layout-142ddb77 wp-block-group-is-layout-flex\" style=\"border-width:1px;border-radius:0.75rem;padding-top:var(--wp--preset--spacing--80);padding-right:var(--wp--preset--spacing--60);padding-bottom:var(--wp--preset--spacing--60);padding-left:var(--wp--preset--spacing--60)\">\n<figure class=\"wp-block-image size-full w-100 is-style-pulledout\" style=\"margin-right:var(--wp--preset--spacing--40);margin-left:var(--wp--preset--spacing--40)\"><img decoding=\"async\" src=\"https:\/\/relaunch.taktiq.de\/wp-content\/uploads\/2025\/06\/taktiq-pilot-project.svg\" alt=\"\" class=\"wp-image-521\"\/><\/figure>\n\n\n\n<div class=\"wp-block-group has-lightgrey-background-color has-background is-horizontal is-content-justification-left is-nowrap is-layout-flex wp-container-core-group-is-layout-183914e5 wp-block-group-is-layout-flex\" style=\"padding-top:0;padding-right:var(--wp--preset--spacing--40);padding-bottom:0;padding-left:0\">\n<figure class=\"wp-block-image size-thumbnail is-resized\"><img decoding=\"async\" src=\"https:\/\/relaunch.taktiq.de\/wp-content\/uploads\/2025\/07\/portrait-victor-kuepper-taktiq-300x300.jpg\" alt=\"\" class=\"wp-image-834\" style=\"aspect-ratio:1;object-fit:cover;width:50px\"\/><\/figure>\n\n\n\n<p>Avec Victor K\u00fcpper<\/p>\n<\/div>\n\n\n\n<h3 class=\"wp-block-heading\">Projet pilote ou enregistrement des exigences<\/h3>\n\n\n\n<p>Testez SEQUIQ directement dans votre environnement de production avec un projet pilote sur mesure ou un enregistrement des exigences sur site.<\/p>\n\n\n\n<ul class=\"wp-block-list is-style-checklist-clean\">\n<li>Fonctionnement en parall\u00e8le avec le syst\u00e8me actuel<\/li>\n\n\n\n<li>Zone de test optimis\u00e9e<\/li>\n\n\n\n<li>Analyse de l&rsquo;\u00e9cart d&rsquo;ajustement<\/li>\n\n\n\n<li>Formation sur mesure<\/li>\n\n\n\n<li>Assistance personnelle<\/li>\n<\/ul>\n\n\n\n<div class=\"wp-block-buttons mt-auto is-layout-flex wp-block-buttons-is-layout-flex\">\n<div class=\"wp-block-button is-style-outline is-style-outline--1\"><a class=\"wp-block-button__link wp-element-button\" href=\"https:\/\/www.sequiq.de\/fr\/vivre\/pilote-enregistrement-des-exigences\/\">Demander des conseils<\/a><\/div>\n<\/div>\n<\/div>\n<\/div>\n\n\n\n<div class=\"wp-block-column is-vertically-aligned-stretch is-layout-flow wp-block-column-is-layout-flow\"><\/div>\n<\/div>\n<\/div>\n","protected":false},"excerpt":{"rendered":"<p>C&rsquo;est parti Choisissez une date pour commencer. Voici la marche \u00e0 suivre : Vos prochaines \u00e9tapes avec SEQUIQ Apprenez \u00e0 mieux conna\u00eetre SEQUIQ et d\u00e9couvrez comment faire passer votre planification de production au niveau sup\u00e9rieur. Choisissez la voie qui vous convient le mieux.<\/p>\n","protected":false},"author":1,"featured_media":0,"parent":838,"menu_order":0,"comment_status":"closed","ping_status":"closed","template":"","meta":{"_acf_changed":false,"footnotes":""},"class_list":["post-851","page","type-page","status-publish","hentry"],"acf":[],"_links":{"self":[{"href":"https:\/\/www.sequiq.de\/fr\/wp-json\/wp\/v2\/pages\/851","targetHints":{"allow":["GET"]}}],"collection":[{"href":"https:\/\/www.sequiq.de\/fr\/wp-json\/wp\/v2\/pages"}],"about":[{"href":"https:\/\/www.sequiq.de\/fr\/wp-json\/wp\/v2\/types\/page"}],"author":[{"embeddable":true,"href":"https:\/\/www.sequiq.de\/fr\/wp-json\/wp\/v2\/users\/1"}],"replies":[{"embeddable":true,"href":"https:\/\/www.sequiq.de\/fr\/wp-json\/wp\/v2\/comments?post=851"}],"version-history":[{"count":6,"href":"https:\/\/www.sequiq.de\/fr\/wp-json\/wp\/v2\/pages\/851\/revisions"}],"predecessor-version":[{"id":1639,"href":"https:\/\/www.sequiq.de\/fr\/wp-json\/wp\/v2\/pages\/851\/revisions\/1639"}],"up":[{"embeddable":true,"href":"https:\/\/www.sequiq.de\/fr\/wp-json\/wp\/v2\/pages\/838"}],"wp:attachment":[{"href":"https:\/\/www.sequiq.de\/fr\/wp-json\/wp\/v2\/media?parent=851"}],"curies":[{"name":"wp","href":"https:\/\/api.w.org\/{rel}","templated":true}]}}