{"id":764,"date":"2025-07-16T12:53:09","date_gmt":"2025-07-16T10:53:09","guid":{"rendered":"https:\/\/relaunch.sequiq.de\/agilis-fejlesztes\/"},"modified":"2025-07-16T12:53:09","modified_gmt":"2025-07-16T10:53:09","slug":"agilis-fejlesztes","status":"publish","type":"page","link":"https:\/\/www.sequiq.de\/hu\/agilis-fejlesztes\/","title":{"rendered":"Agilis fejleszt\u00e9s"},"content":{"rendered":"","protected":false},"excerpt":{"rendered":"<p>Agilis fejleszt\u00e9si megk\u00f6zel\u00edt\u00e9s\u00fcnk nemcsak az innov\u00e1ci\u00f3 \u00e9lvonal\u00e1ban tart benn\u00fcnket, hanem el\u0151re is viszi azt.<\/p>\n","protected":false},"author":1,"featured_media":767,"parent":0,"menu_order":0,"comment_status":"closed","ping_status":"closed","template":"","meta":{"_acf_changed":false,"footnotes":""},"class_list":["post-764","page","type-page","status-publish","has-post-thumbnail","hentry"],"acf":[],"_links":{"self":[{"href":"https:\/\/www.sequiq.de\/hu\/wp-json\/wp\/v2\/pages\/764","targetHints":{"allow":["GET"]}}],"collection":[{"href":"https:\/\/www.sequiq.de\/hu\/wp-json\/wp\/v2\/pages"}],"about":[{"href":"https:\/\/www.sequiq.de\/hu\/wp-json\/wp\/v2\/types\/page"}],"author":[{"embeddable":true,"href":"https:\/\/www.sequiq.de\/hu\/wp-json\/wp\/v2\/users\/1"}],"replies":[{"embeddable":true,"href":"https:\/\/www.sequiq.de\/hu\/wp-json\/wp\/v2\/comments?post=764"}],"version-history":[{"count":0,"href":"https:\/\/www.sequiq.de\/hu\/wp-json\/wp\/v2\/pages\/764\/revisions"}],"wp:featuredmedia":[{"embeddable":true,"href":"https:\/\/www.sequiq.de\/hu\/wp-json\/wp\/v2\/media\/767"}],"wp:attachment":[{"href":"https:\/\/www.sequiq.de\/hu\/wp-json\/wp\/v2\/media?parent=764"}],"curies":[{"name":"wp","href":"https:\/\/api.w.org\/{rel}","templated":true}]}}