{"id":862,"date":"2025-07-17T12:46:07","date_gmt":"2025-07-17T10:46:07","guid":{"rendered":"https:\/\/relaunch.sequiq.de\/tapasztalat\/pilot-es-koevetelmenyelemzes\/"},"modified":"2026-04-28T16:08:55","modified_gmt":"2026-04-28T14:08:55","slug":"pilot-anforderungsaufnahme","status":"publish","type":"page","link":"https:\/\/www.sequiq.de\/hu\/tapasztalat\/pilot-anforderungsaufnahme\/","title":{"rendered":"Pilot \u00e9s k\u00f6vetelm\u00e9nyelemz\u00e9s"},"content":{"rendered":"\n<div class=\"wp-block-group alignfull has-ms-lightgrey-background-color has-background has-global-padding is-layout-constrained wp-block-group-is-layout-constrained\">\n<div class=\"wp-block-columns alignwide are-vertically-aligned-top is-layout-flex wp-container-core-columns-is-layout-28f84493 wp-block-columns-is-layout-flex\">\n<div class=\"wp-block-column is-vertically-aligned-top is-layout-flow wp-block-column-is-layout-flow\" style=\"flex-basis:40%\">\n<h1 class=\"wp-block-heading has-text-align-left\">Itt is vagyunk<\/h1>\n\n\n\n<p class=\"has-intro-font-size\">V\u00e1lasszon ki egy id\u0151pontot a kezd\u00e9shez. \u00cdgy folytat\u00f3dik: <\/p>\n\n\n\n<div class=\"wp-block-group alignfull has-global-padding is-layout-constrained wp-container-core-group-is-layout-c06d165c wp-block-group-is-layout-constrained\" style=\"padding-top:0;padding-right:0;padding-bottom:0;padding-left:0\">\n\n\n<div class=\"wp-block-group is-vertical is-layout-flex wp-container-core-group-is-layout-f98cf28f wp-block-group-is-layout-flex\" style=\"padding-top:0;padding-right:0;padding-bottom:0;padding-left:0\">\n<div class=\"wp-block-group has-border-color has-midgrey-border-color has-white-background-color has-background has-global-padding is-layout-constrained wp-container-core-group-is-layout-80fb368b wp-block-group-is-layout-constrained\" style=\"border-width:1px;border-radius:0.5rem;padding-top:var(--wp--preset--spacing--30);padding-right:var(--wp--preset--spacing--30);padding-bottom:var(--wp--preset--spacing--30);padding-left:var(--wp--preset--spacing--30)\">\n<div class=\"wp-block-group has-white-background-color has-background has-global-padding is-layout-constrained wp-container-core-group-is-layout-61ad80a1 wp-block-group-is-layout-constrained\" style=\"margin-top:0;margin-bottom:0;padding-top:var(--wp--preset--spacing--50);padding-right:var(--wp--preset--spacing--50);padding-bottom:var(--wp--preset--spacing--50);padding-left:var(--wp--preset--spacing--50)\">\n<div class=\"wp-block-group is-vertical is-layout-flex wp-container-core-group-is-layout-529f2e1b wp-block-group-is-layout-flex\" style=\"padding-top:0;padding-right:0;padding-bottom:0;padding-left:0\">\n<figure class=\"wp-block-image size-full is-resized\"><img decoding=\"async\" src=\"https:\/\/www.sequiq.de\/wp-content\/uploads\/sites\/2\/ausschreibung-berater-und-trainer-taktiq.svg\" alt=\"\" class=\"wp-image-42\" style=\"width:auto;height:60px\"\/><\/figure>\n\n\n\n<h3 class=\"wp-block-heading has-h-4-font-size\">Els\u0151 ismerked\u00e9s egym\u00e1ssal<\/h3>\n<\/div>\n\n\n\n<p>Egy r\u00f6vid, k\u00f6telezetts\u00e9g n\u00e9lk\u00fcli telefonbesz\u00e9lget\u00e9s keret\u00e9ben megbesz\u00e9lj\u00fck az \u00d6n termel\u00e9s\u00e9vel kapcsolatos kih\u00edv\u00e1sokat. Ezut\u00e1n megvizsg\u00e1ljuk, hogy ill\u00fcnk-e egym\u00e1shoz, \u00e9s hogy mennyire tud hasznot h\u00fazni a szoftver\u00fcnkb\u0151l. <\/p>\n<\/div>\n<\/div>\n\n\n\n<div class=\"wp-block-group has-border-color has-midgrey-border-color has-white-background-color has-background has-global-padding is-layout-constrained wp-container-core-group-is-layout-80fb368b wp-block-group-is-layout-constrained\" style=\"border-width:1px;border-radius:0.5rem;padding-top:var(--wp--preset--spacing--30);padding-right:var(--wp--preset--spacing--30);padding-bottom:var(--wp--preset--spacing--30);padding-left:var(--wp--preset--spacing--30)\">\n<div class=\"wp-block-group has-white-background-color has-background has-global-padding is-layout-constrained wp-container-core-group-is-layout-61ad80a1 wp-block-group-is-layout-constrained\" style=\"margin-top:0;margin-bottom:0;padding-top:var(--wp--preset--spacing--50);padding-right:var(--wp--preset--spacing--50);padding-bottom:var(--wp--preset--spacing--50);padding-left:var(--wp--preset--spacing--50)\">\n<div class=\"wp-block-group is-vertical is-layout-flex wp-container-core-group-is-layout-529f2e1b wp-block-group-is-layout-flex\" style=\"padding-top:0;padding-right:0;padding-bottom:0;padding-left:0\">\n<figure class=\"wp-block-image size-full is-resized\"><img decoding=\"async\" src=\"https:\/\/www.sequiq.de\/wp-content\/uploads\/sites\/2\/ausschreibung-support-specialist-taktiq.svg\" alt=\"\" class=\"wp-image-53\" style=\"width:auto;height:60px\"\/><\/figure>\n\n\n\n<h3 class=\"wp-block-heading has-h-4-font-size\">\u00c9l\u0151 dem\u00f3 a csapat\u00e1nak<\/h3>\n<\/div>\n\n\n\n<p>Egy tov\u00e1bbi tal\u00e1lkoz\u00f3n megmutatjuk csapat\u00e1nak a szoftvert \u00e9lesben, foglalkozunk az \u00d6n kih\u00edv\u00e1saival \u00e9s bemutatjuk a megfelel\u0151 SEQUIQ funkci\u00f3kat.<\/p>\n<\/div>\n<\/div>\n\n\n\n<div class=\"wp-block-group has-border-color has-midgrey-border-color has-white-background-color has-background has-global-padding is-layout-constrained wp-container-core-group-is-layout-80fb368b wp-block-group-is-layout-constrained\" style=\"border-width:1px;border-radius:0.5rem;padding-top:var(--wp--preset--spacing--30);padding-right:var(--wp--preset--spacing--30);padding-bottom:var(--wp--preset--spacing--30);padding-left:var(--wp--preset--spacing--30)\">\n<div class=\"wp-block-group has-white-background-color has-background has-global-padding is-layout-constrained wp-container-core-group-is-layout-61ad80a1 wp-block-group-is-layout-constrained\" style=\"margin-top:0;margin-bottom:0;padding-top:var(--wp--preset--spacing--50);padding-right:var(--wp--preset--spacing--50);padding-bottom:var(--wp--preset--spacing--50);padding-left:var(--wp--preset--spacing--50)\">\n<div class=\"wp-block-group is-vertical is-layout-flex wp-container-core-group-is-layout-529f2e1b wp-block-group-is-layout-flex\" style=\"padding-top:0;padding-right:0;padding-bottom:0;padding-left:0\">\n<figure class=\"wp-block-image size-full is-resized\"><img decoding=\"async\" src=\"https:\/\/www.sequiq.de\/wp-content\/uploads\/sites\/2\/ausschreibung-human-resources-manager-taktiq.svg\" alt=\"\" class=\"wp-image-488\" style=\"width:auto;height:60px\"\/><\/figure>\n\n\n\n<h3 class=\"wp-block-heading has-h-4-font-size\">Pil\u00f3t\u00e1k vagy k\u00f6vetelm\u00e9nyek r\u00f6gz\u00edt\u00e9se<\/h3>\n<\/div>\n\n\n\n<p>K\u00f6z\u00f6sen, k\u00f6zvetlen\u00fcl az \u00d6n telephely\u00e9n k\u00eds\u00e9rleti vagy ig\u00e9nyfelm\u00e9r\u00e9st v\u00e9gz\u00fcnk. Ezt k\u00f6vet\u0151en szem\u00e9lyre szabott aj\u00e1nlatot kap a SEQUIQ bevezet\u00e9s\u00e9re az \u00d6n termel\u00e9s\u00e9ben. <\/p>\n<\/div>\n<\/div>\n<\/div>\n<\/div>\n\n\n\n<div style=\"height:2rem\" aria-hidden=\"true\" class=\"wp-block-spacer\"><\/div>\n\n\n\n\n<\/div>\n\n\n\n<div class=\"wp-block-column is-vertically-aligned-center is-layout-flow wp-block-column-is-layout-flow\">\n\n\n<\/p>\n\n\n\n<!-- Start of Meetings Embed Script -->\n    <div class=\"meetings-iframe-container\" data-src=\"https:\/\/meetings-eu1.hubspot.com\/kaskevold\/sequiq-discovery-call?embed=true\"><\/div>\n    <script type=\"text\/javascript\" src=\"https:\/\/static.hsappstatic.net\/MeetingsEmbed\/ex\/MeetingsEmbedCode.js\"><\/script>\n  <!-- End of Meetings Embed Script -->\n\n\n<p>\n<\/div>\n<\/div>\n<\/div>\n","protected":false},"excerpt":{"rendered":"<p>Itt is vagyunk V\u00e1lasszon ki egy id\u0151pontot a kezd\u00e9shez. \u00cdgy folytat\u00f3dik:<\/p>\n","protected":false},"author":1,"featured_media":0,"parent":834,"menu_order":0,"comment_status":"closed","ping_status":"closed","template":"","meta":{"_acf_changed":false,"footnotes":""},"class_list":["post-862","page","type-page","status-publish","hentry"],"acf":[],"_links":{"self":[{"href":"https:\/\/www.sequiq.de\/hu\/wp-json\/wp\/v2\/pages\/862","targetHints":{"allow":["GET"]}}],"collection":[{"href":"https:\/\/www.sequiq.de\/hu\/wp-json\/wp\/v2\/pages"}],"about":[{"href":"https:\/\/www.sequiq.de\/hu\/wp-json\/wp\/v2\/types\/page"}],"author":[{"embeddable":true,"href":"https:\/\/www.sequiq.de\/hu\/wp-json\/wp\/v2\/users\/1"}],"replies":[{"embeddable":true,"href":"https:\/\/www.sequiq.de\/hu\/wp-json\/wp\/v2\/comments?post=862"}],"version-history":[{"count":4,"href":"https:\/\/www.sequiq.de\/hu\/wp-json\/wp\/v2\/pages\/862\/revisions"}],"predecessor-version":[{"id":1626,"href":"https:\/\/www.sequiq.de\/hu\/wp-json\/wp\/v2\/pages\/862\/revisions\/1626"}],"up":[{"embeddable":true,"href":"https:\/\/www.sequiq.de\/hu\/wp-json\/wp\/v2\/pages\/834"}],"wp:attachment":[{"href":"https:\/\/www.sequiq.de\/hu\/wp-json\/wp\/v2\/media?parent=862"}],"curies":[{"name":"wp","href":"https:\/\/api.w.org\/{rel}","templated":true}]}}